{"id":2545,"date":"2024-12-06T14:59:19","date_gmt":"2024-12-06T14:59:19","guid":{"rendered":"https:\/\/lutra.com.tr\/?page_id=2545"},"modified":"2025-08-14T11:49:45","modified_gmt":"2025-08-14T11:49:45","slug":"proje-4","status":"publish","type":"page","link":"https:\/\/lutra.com.tr\/ru\/proje-4\/","title":{"rendered":"Proje 4"},"content":{"rendered":"<div data-elementor-type=\"wp-page\" data-elementor-id=\"2545\" class=\"elementor elementor-2545\" data-elementor-post-type=\"page\">\n\t\t\t\t<div class=\"elementor-element elementor-element-2e93a478 e-flex e-con-boxed e-con e-parent\" data-id=\"2e93a478\" data-element_type=\"container\">\n\t\t\t\t\t<div class=\"e-con-inner\">\n\t\t<div class=\"elementor-element elementor-element-bba19f7 e-con-full e-flex e-con e-child\" data-id=\"bba19f7\" data-element_type=\"container\">\n\t\t\t\t<\/div>\n\t\t<div class=\"elementor-element elementor-element-596d7757 e-con-full only-tr e-flex e-con e-child\" data-id=\"596d7757\" data-element_type=\"container\">\n\t\t\t\t<\/div>\n\t\t<div class=\"elementor-element elementor-element-49ac1b6 e-con-full only-en e-flex e-con e-child\" data-id=\"49ac1b6\" data-element_type=\"container\">\n\t\t\t\t<\/div>\n\t\t<div class=\"elementor-element elementor-element-3080ee6 e-con-full only-ru e-flex e-con e-child\" data-id=\"3080ee6\" data-element_type=\"container\">\n\t\t\t\t<\/div>\n\t\t\t\t\t<\/div>\n\t\t\t\t<\/div>\n\t\t<div class=\"elementor-element elementor-element-49b5dc02 e-flex e-con-boxed e-con e-parent\" data-id=\"49b5dc02\" data-element_type=\"container\">\n\t\t\t\t\t<div class=\"e-con-inner\">\n\t\t\t\t<div class=\"elementor-element elementor-element-2b2ebde elementor-widget elementor-widget-global elementor-global-6379 elementor-widget-text-editor\" data-id=\"2b2ebde\" data-element_type=\"widget\" data-settings=\"{&quot;ekit_we_effect_on&quot;:&quot;none&quot;}\" data-widget_type=\"text-editor.default\">\n\t\t\t\t<div class=\"elementor-widget-container\">\n\t\t\t\t\t\t\t\t\t<h5 style=\"text-align: center;\"><strong>\u0413\u0430\u0440\u043c\u043e\u043d\u0438\u044f \u0432 \u0434\u0435\u0442\u0430\u043b\u044f\u0445 \u0438\u0437\u043c\u0435\u043d\u0438\u0442 \u0432\u0430\u0448\u0435 \u043c\u043d\u0435\u043d\u0438\u0435!<\/strong><\/h5><p style=\"text-align: center;\">\u0412\u0430\u043c \u043f\u043e\u043d\u0440\u0430\u0432\u0438\u0442\u0441\u044f \u044d\u0442\u0430 \u0438\u0434\u0435\u044f \u043d\u0435 \u0442\u043e\u043b\u044c\u043a\u043e \u0444\u0443\u043d\u043a\u0446\u0438\u043e\u043d\u0430\u043b\u044c\u043d\u043e\u0433\u043e \u0436\u0438\u043b\u043e\u0433\u043e \u043f\u0440\u043e\u0441\u0442\u0440\u0430\u043d\u0441\u0442\u0432\u0430, \u043d\u043e \u0438 \u0436\u0438\u043b\u043e\u0433\u043e \u043f\u0440\u043e\u0441\u0442\u0440\u0430\u043d\u0441\u0442\u0432\u0430, \u0441\u043e\u0437\u0434\u0430\u043d\u043d\u043e\u0433\u043e \u0432 \u0441\u043e\u043e\u0442\u0432\u0435\u0442\u0441\u0442\u0432\u0438\u0438 \u0441 \u0432\u0430\u0448\u0438\u043c \u0441\u0442\u0438\u043b\u0435\u043c \u0438 \u0432\u043a\u0443\u0441\u043e\u043c.<\/p>\t\t\t\t\t\t\t\t<\/div>\n\t\t\t\t<\/div>\n\t\t\t\t<div class=\"elementor-element elementor-element-6cd9eac1 elementor-widget elementor-widget-image\" data-id=\"6cd9eac1\" data-element_type=\"widget\" data-settings=\"{&quot;ekit_we_effect_on&quot;:&quot;none&quot;}\" data-widget_type=\"image.default\">\n\t\t\t\t<div class=\"elementor-widget-container\">\n\t\t\t\t\t\t\t\t\t\t\t\t\t\t\t<img fetchpriority=\"high\" decoding=\"async\" width=\"6755\" height=\"2675\" src=\"https:\/\/lutra.com.tr\/wp-content\/uploads\/2024\/12\/3-4.png\" class=\"attachment-full size-full wp-image-2611\" alt=\"\" srcset=\"https:\/\/lutra.com.tr\/wp-content\/uploads\/2024\/12\/3-4.png 6755w, https:\/\/lutra.com.tr\/wp-content\/uploads\/2024\/12\/3-4-18x7.png 18w, https:\/\/lutra.com.tr\/wp-content\/uploads\/2024\/12\/3-4-24x10.png 24w, https:\/\/lutra.com.tr\/wp-content\/uploads\/2024\/12\/3-4-36x14.png 36w, https:\/\/lutra.com.tr\/wp-content\/uploads\/2024\/12\/3-4-100x40.png 100w\" sizes=\"(max-width: 6755px) 100vw, 6755px\" \/>\t\t\t\t\t\t\t\t\t\t\t\t\t\t\t<\/div>\n\t\t\t\t<\/div>\n\t\t\t\t<div class=\"elementor-element elementor-element-22d462c5 elementor-widget elementor-widget-image\" data-id=\"22d462c5\" data-element_type=\"widget\" data-settings=\"{&quot;ekit_we_effect_on&quot;:&quot;none&quot;}\" data-widget_type=\"image.default\">\n\t\t\t\t<div class=\"elementor-widget-container\">\n\t\t\t\t\t\t\t\t\t\t\t\t\t\t\t<img decoding=\"async\" width=\"1920\" height=\"759\" src=\"https:\/\/lutra.com.tr\/wp-content\/uploads\/2024\/12\/4-4.png\" class=\"attachment-full size-full wp-image-2612\" alt=\"\" srcset=\"https:\/\/lutra.com.tr\/wp-content\/uploads\/2024\/12\/4-4.png 1920w, https:\/\/lutra.com.tr\/wp-content\/uploads\/2024\/12\/4-4-18x7.png 18w, https:\/\/lutra.com.tr\/wp-content\/uploads\/2024\/12\/4-4-24x9.png 24w, https:\/\/lutra.com.tr\/wp-content\/uploads\/2024\/12\/4-4-36x14.png 36w, https:\/\/lutra.com.tr\/wp-content\/uploads\/2024\/12\/4-4-100x40.png 100w\" sizes=\"(max-width: 1920px) 100vw, 1920px\" \/>\t\t\t\t\t\t\t\t\t\t\t\t\t\t\t<\/div>\n\t\t\t\t<\/div>\n\t\t\t\t<div class=\"elementor-element elementor-element-75343af9 elementor-widget elementor-widget-image\" data-id=\"75343af9\" data-element_type=\"widget\" data-settings=\"{&quot;ekit_we_effect_on&quot;:&quot;none&quot;}\" data-widget_type=\"image.default\">\n\t\t\t\t<div class=\"elementor-widget-container\">\n\t\t\t\t\t\t\t\t\t\t\t\t\t\t\t<img decoding=\"async\" width=\"6755\" height=\"2656\" src=\"https:\/\/lutra.com.tr\/wp-content\/uploads\/2024\/12\/5-4.png\" class=\"attachment-full size-full wp-image-2613\" alt=\"\" srcset=\"https:\/\/lutra.com.tr\/wp-content\/uploads\/2024\/12\/5-4.png 6755w, https:\/\/lutra.com.tr\/wp-content\/uploads\/2024\/12\/5-4-18x7.png 18w, https:\/\/lutra.com.tr\/wp-content\/uploads\/2024\/12\/5-4-24x9.png 24w, https:\/\/lutra.com.tr\/wp-content\/uploads\/2024\/12\/5-4-36x14.png 36w, https:\/\/lutra.com.tr\/wp-content\/uploads\/2024\/12\/5-4-100x39.png 100w\" sizes=\"(max-width: 6755px) 100vw, 6755px\" \/>\t\t\t\t\t\t\t\t\t\t\t\t\t\t\t<\/div>\n\t\t\t\t<\/div>\n\t\t\t\t<div class=\"elementor-element elementor-element-638cb422 elementor-widget elementor-widget-image\" data-id=\"638cb422\" data-element_type=\"widget\" data-settings=\"{&quot;ekit_we_effect_on&quot;:&quot;none&quot;}\" data-widget_type=\"image.default\">\n\t\t\t\t<div class=\"elementor-widget-container\">\n\t\t\t\t\t\t\t\t\t\t\t\t\t\t\t<img loading=\"lazy\" decoding=\"async\" width=\"6755\" height=\"2689\" src=\"https:\/\/lutra.com.tr\/wp-content\/uploads\/2024\/12\/6-3.png\" class=\"attachment-full size-full wp-image-2614\" alt=\"\" srcset=\"https:\/\/lutra.com.tr\/wp-content\/uploads\/2024\/12\/6-3.png 6755w, https:\/\/lutra.com.tr\/wp-content\/uploads\/2024\/12\/6-3-18x7.png 18w, https:\/\/lutra.com.tr\/wp-content\/uploads\/2024\/12\/6-3-24x10.png 24w, https:\/\/lutra.com.tr\/wp-content\/uploads\/2024\/12\/6-3-36x14.png 36w, https:\/\/lutra.com.tr\/wp-content\/uploads\/2024\/12\/6-3-100x40.png 100w\" sizes=\"(max-width: 6755px) 100vw, 6755px\" \/>\t\t\t\t\t\t\t\t\t\t\t\t\t\t\t<\/div>\n\t\t\t\t<\/div>\n\t\t\t\t\t<\/div>\n\t\t\t\t<\/div>\n\t\t\t\t<\/div>","protected":false},"excerpt":{"rendered":"<p>Detaylardaki Ahenk Fikrinizi De\u011fi\u015ftirecek! Yaln\u0131zca i\u015flevsel bir ya\u015fam alan\u0131 de\u011fil, ayn\u0131 zamanda tarz\u0131n\u0131za ve zevkinize g\u00f6re haz\u0131rlanm\u0131\u015f ya\u015fam alanlar\u0131ndaki bu fikri siz de seveceksiniz.<\/p>","protected":false},"author":1,"featured_media":0,"parent":0,"menu_order":0,"comment_status":"closed","ping_status":"closed","template":"","meta":{"footnotes":""},"class_list":["post-2545","page","type-page","status-publish","hentry"],"_links":{"self":[{"href":"https:\/\/lutra.com.tr\/ru\/wp-json\/wp\/v2\/pages\/2545","targetHints":{"allow":["GET"]}}],"collection":[{"href":"https:\/\/lutra.com.tr\/ru\/wp-json\/wp\/v2\/pages"}],"about":[{"href":"https:\/\/lutra.com.tr\/ru\/wp-json\/wp\/v2\/types\/page"}],"author":[{"embeddable":true,"href":"https:\/\/lutra.com.tr\/ru\/wp-json\/wp\/v2\/users\/1"}],"replies":[{"embeddable":true,"href":"https:\/\/lutra.com.tr\/ru\/wp-json\/wp\/v2\/comments?post=2545"}],"version-history":[{"count":6,"href":"https:\/\/lutra.com.tr\/ru\/wp-json\/wp\/v2\/pages\/2545\/revisions"}],"predecessor-version":[{"id":6397,"href":"https:\/\/lutra.com.tr\/ru\/wp-json\/wp\/v2\/pages\/2545\/revisions\/6397"}],"wp:attachment":[{"href":"https:\/\/lutra.com.tr\/ru\/wp-json\/wp\/v2\/media?parent=2545"}],"curies":[{"name":"wp","href":"https:\/\/api.w.org\/{rel}","templated":true}]}}