{"id":2544,"date":"2024-12-06T14:59:16","date_gmt":"2024-12-06T14:59:16","guid":{"rendered":"https:\/\/lutra.com.tr\/?page_id=2544"},"modified":"2025-08-14T11:51:05","modified_gmt":"2025-08-14T11:51:05","slug":"proje-3","status":"publish","type":"page","link":"https:\/\/lutra.com.tr\/ru\/proje-3\/","title":{"rendered":"Proje 3"},"content":{"rendered":"<div data-elementor-type=\"wp-page\" data-elementor-id=\"2544\" class=\"elementor elementor-2544\" data-elementor-post-type=\"page\">\n\t\t\t\t<div class=\"elementor-element elementor-element-37ff506c e-flex e-con-boxed e-con e-parent\" data-id=\"37ff506c\" data-element_type=\"container\">\n\t\t\t\t\t<div class=\"e-con-inner\">\n\t\t<div class=\"elementor-element elementor-element-557a41e9 e-con-full e-flex e-con e-child\" data-id=\"557a41e9\" data-element_type=\"container\">\n\t\t\t\t<\/div>\n\t\t<div class=\"elementor-element elementor-element-25a59295 e-con-full only-tr e-flex e-con e-child\" data-id=\"25a59295\" data-element_type=\"container\">\n\t\t\t\t<\/div>\n\t\t<div class=\"elementor-element elementor-element-962fe43 e-con-full only-en e-flex e-con e-child\" data-id=\"962fe43\" data-element_type=\"container\">\n\t\t\t\t<\/div>\n\t\t<div class=\"elementor-element elementor-element-589833b e-con-full only-ru e-flex e-con e-child\" data-id=\"589833b\" data-element_type=\"container\">\n\t\t\t\t<\/div>\n\t\t\t\t\t<\/div>\n\t\t\t\t<\/div>\n\t\t<div class=\"elementor-element elementor-element-6cff289 e-flex e-con-boxed e-con e-parent\" data-id=\"6cff289\" data-element_type=\"container\">\n\t\t\t\t\t<div class=\"e-con-inner\">\n\t\t\t\t<div class=\"elementor-element elementor-element-e70d3d9 elementor-widget elementor-widget-text-editor\" data-id=\"e70d3d9\" data-element_type=\"widget\" data-settings=\"{&quot;ekit_we_effect_on&quot;:&quot;none&quot;}\" data-widget_type=\"text-editor.default\">\n\t\t\t\t<div class=\"elementor-widget-container\">\n\t\t\t\t\t\t\t\t\t<h5 style=\"text-align: center;\"><strong>\u0413\u0430\u0440\u043c\u043e\u043d\u0438\u044f \u0432 \u0434\u0435\u0442\u0430\u043b\u044f\u0445 \u0438\u0437\u043c\u0435\u043d\u0438\u0442 \u0432\u0430\u0448\u0435 \u043c\u043d\u0435\u043d\u0438\u0435!<\/strong><\/h5><p style=\"text-align: center;\">\u0412\u0430\u043c \u043f\u043e\u043d\u0440\u0430\u0432\u0438\u0442\u0441\u044f \u044d\u0442\u0430 \u0438\u0434\u0435\u044f \u043d\u0435 \u0442\u043e\u043b\u044c\u043a\u043e \u0444\u0443\u043d\u043a\u0446\u0438\u043e\u043d\u0430\u043b\u044c\u043d\u043e\u0433\u043e \u0436\u0438\u043b\u043e\u0433\u043e \u043f\u0440\u043e\u0441\u0442\u0440\u0430\u043d\u0441\u0442\u0432\u0430, \u043d\u043e \u0438 \u0436\u0438\u043b\u043e\u0433\u043e \u043f\u0440\u043e\u0441\u0442\u0440\u0430\u043d\u0441\u0442\u0432\u0430, \u0441\u043e\u0437\u0434\u0430\u043d\u043d\u043e\u0433\u043e \u0432 \u0441\u043e\u043e\u0442\u0432\u0435\u0442\u0441\u0442\u0432\u0438\u0438 \u0441 \u0432\u0430\u0448\u0438\u043c \u0441\u0442\u0438\u043b\u0435\u043c \u0438 \u0432\u043a\u0443\u0441\u043e\u043c.<\/p>\t\t\t\t\t\t\t\t<\/div>\n\t\t\t\t<\/div>\n\t\t\t\t\t<\/div>\n\t\t\t\t<\/div>\n\t\t<div class=\"elementor-element elementor-element-3c73b243 e-flex e-con-boxed e-con e-parent\" data-id=\"3c73b243\" data-element_type=\"container\">\n\t\t\t\t\t<div class=\"e-con-inner\">\n\t\t\t\t<div class=\"elementor-element elementor-element-8c54f43 elementor-widget elementor-widget-image\" data-id=\"8c54f43\" data-element_type=\"widget\" data-settings=\"{&quot;ekit_we_effect_on&quot;:&quot;none&quot;}\" data-widget_type=\"image.default\">\n\t\t\t\t<div class=\"elementor-widget-container\">\n\t\t\t\t\t\t\t\t\t\t\t\t\t\t\t<img fetchpriority=\"high\" decoding=\"async\" width=\"6755\" height=\"2656\" src=\"https:\/\/lutra.com.tr\/wp-content\/uploads\/2024\/12\/3-3.png\" class=\"attachment-full size-full wp-image-2599\" alt=\"\" srcset=\"https:\/\/lutra.com.tr\/wp-content\/uploads\/2024\/12\/3-3.png 6755w, https:\/\/lutra.com.tr\/wp-content\/uploads\/2024\/12\/3-3-18x7.png 18w, https:\/\/lutra.com.tr\/wp-content\/uploads\/2024\/12\/3-3-24x9.png 24w, https:\/\/lutra.com.tr\/wp-content\/uploads\/2024\/12\/3-3-36x14.png 36w, https:\/\/lutra.com.tr\/wp-content\/uploads\/2024\/12\/3-3-100x39.png 100w\" sizes=\"(max-width: 6755px) 100vw, 6755px\" \/>\t\t\t\t\t\t\t\t\t\t\t\t\t\t\t<\/div>\n\t\t\t\t<\/div>\n\t\t\t\t<div class=\"elementor-element elementor-element-513140fc elementor-widget elementor-widget-image\" data-id=\"513140fc\" data-element_type=\"widget\" data-settings=\"{&quot;ekit_we_effect_on&quot;:&quot;none&quot;}\" data-widget_type=\"image.default\">\n\t\t\t\t<div class=\"elementor-widget-container\">\n\t\t\t\t\t\t\t\t\t\t\t\t\t\t\t<img decoding=\"async\" width=\"6755\" height=\"2672\" src=\"https:\/\/lutra.com.tr\/wp-content\/uploads\/2024\/12\/4-3.png\" class=\"attachment-full size-full wp-image-2600\" alt=\"\" srcset=\"https:\/\/lutra.com.tr\/wp-content\/uploads\/2024\/12\/4-3.png 6755w, https:\/\/lutra.com.tr\/wp-content\/uploads\/2024\/12\/4-3-18x7.png 18w, https:\/\/lutra.com.tr\/wp-content\/uploads\/2024\/12\/4-3-24x9.png 24w, https:\/\/lutra.com.tr\/wp-content\/uploads\/2024\/12\/4-3-36x14.png 36w, https:\/\/lutra.com.tr\/wp-content\/uploads\/2024\/12\/4-3-100x40.png 100w\" sizes=\"(max-width: 6755px) 100vw, 6755px\" \/>\t\t\t\t\t\t\t\t\t\t\t\t\t\t\t<\/div>\n\t\t\t\t<\/div>\n\t\t\t\t<div class=\"elementor-element elementor-element-39a38915 elementor-widget elementor-widget-image\" data-id=\"39a38915\" data-element_type=\"widget\" data-settings=\"{&quot;ekit_we_effect_on&quot;:&quot;none&quot;}\" data-widget_type=\"image.default\">\n\t\t\t\t<div class=\"elementor-widget-container\">\n\t\t\t\t\t\t\t\t\t\t\t\t\t\t\t<img decoding=\"async\" width=\"6755\" height=\"2675\" src=\"https:\/\/lutra.com.tr\/wp-content\/uploads\/2024\/12\/5-3.png\" class=\"attachment-full size-full wp-image-2601\" alt=\"\" srcset=\"https:\/\/lutra.com.tr\/wp-content\/uploads\/2024\/12\/5-3.png 6755w, https:\/\/lutra.com.tr\/wp-content\/uploads\/2024\/12\/5-3-18x7.png 18w, https:\/\/lutra.com.tr\/wp-content\/uploads\/2024\/12\/5-3-24x10.png 24w, https:\/\/lutra.com.tr\/wp-content\/uploads\/2024\/12\/5-3-36x14.png 36w, https:\/\/lutra.com.tr\/wp-content\/uploads\/2024\/12\/5-3-100x40.png 100w\" sizes=\"(max-width: 6755px) 100vw, 6755px\" \/>\t\t\t\t\t\t\t\t\t\t\t\t\t\t\t<\/div>\n\t\t\t\t<\/div>\n\t\t\t\t<div class=\"elementor-element elementor-element-163735a0 elementor-widget elementor-widget-image\" data-id=\"163735a0\" data-element_type=\"widget\" data-settings=\"{&quot;ekit_we_effect_on&quot;:&quot;none&quot;}\" data-widget_type=\"image.default\">\n\t\t\t\t<div class=\"elementor-widget-container\">\n\t\t\t\t\t\t\t\t\t\t\t\t\t\t\t<img loading=\"lazy\" decoding=\"async\" width=\"6755\" height=\"2689\" src=\"https:\/\/lutra.com.tr\/wp-content\/uploads\/2024\/12\/6-2.png\" class=\"attachment-full size-full wp-image-2605\" alt=\"\" srcset=\"https:\/\/lutra.com.tr\/wp-content\/uploads\/2024\/12\/6-2.png 6755w, https:\/\/lutra.com.tr\/wp-content\/uploads\/2024\/12\/6-2-18x7.png 18w, https:\/\/lutra.com.tr\/wp-content\/uploads\/2024\/12\/6-2-24x10.png 24w, https:\/\/lutra.com.tr\/wp-content\/uploads\/2024\/12\/6-2-36x14.png 36w, https:\/\/lutra.com.tr\/wp-content\/uploads\/2024\/12\/6-2-100x40.png 100w\" sizes=\"(max-width: 6755px) 100vw, 6755px\" \/>\t\t\t\t\t\t\t\t\t\t\t\t\t\t\t<\/div>\n\t\t\t\t<\/div>\n\t\t\t\t\t<\/div>\n\t\t\t\t<\/div>\n\t\t\t\t<\/div>","protected":false},"excerpt":{"rendered":"<p>Detaylardaki Ahenk Fikrinizi De\u011fi\u015ftirecek! Yaln\u0131zca i\u015flevsel bir ya\u015fam alan\u0131 de\u011fil, ayn\u0131 zamanda tarz\u0131n\u0131za ve zevkinize g\u00f6re haz\u0131rlanm\u0131\u015f ya\u015fam alanlar\u0131ndaki bu fikri siz de seveceksiniz.<\/p>","protected":false},"author":1,"featured_media":0,"parent":0,"menu_order":0,"comment_status":"closed","ping_status":"closed","template":"","meta":{"footnotes":""},"class_list":["post-2544","page","type-page","status-publish","hentry"],"_links":{"self":[{"href":"https:\/\/lutra.com.tr\/ru\/wp-json\/wp\/v2\/pages\/2544","targetHints":{"allow":["GET"]}}],"collection":[{"href":"https:\/\/lutra.com.tr\/ru\/wp-json\/wp\/v2\/pages"}],"about":[{"href":"https:\/\/lutra.com.tr\/ru\/wp-json\/wp\/v2\/types\/page"}],"author":[{"embeddable":true,"href":"https:\/\/lutra.com.tr\/ru\/wp-json\/wp\/v2\/users\/1"}],"replies":[{"embeddable":true,"href":"https:\/\/lutra.com.tr\/ru\/wp-json\/wp\/v2\/comments?post=2544"}],"version-history":[{"count":15,"href":"https:\/\/lutra.com.tr\/ru\/wp-json\/wp\/v2\/pages\/2544\/revisions"}],"predecessor-version":[{"id":6400,"href":"https:\/\/lutra.com.tr\/ru\/wp-json\/wp\/v2\/pages\/2544\/revisions\/6400"}],"wp:attachment":[{"href":"https:\/\/lutra.com.tr\/ru\/wp-json\/wp\/v2\/media?parent=2544"}],"curies":[{"name":"wp","href":"https:\/\/api.w.org\/{rel}","templated":true}]}}