{"id":2032,"date":"2024-12-06T07:05:06","date_gmt":"2024-12-06T07:05:06","guid":{"rendered":"https:\/\/lutra.com.tr\/?page_id=2032"},"modified":"2025-05-29T15:19:28","modified_gmt":"2025-05-29T15:19:28","slug":"yataklar-prado","status":"publish","type":"page","link":"https:\/\/lutra.com.tr\/ru\/yataklar-prado\/","title":{"rendered":"Yataklar Prado"},"content":{"rendered":"<div data-elementor-type=\"wp-page\" data-elementor-id=\"2032\" class=\"elementor elementor-2032\" data-elementor-post-type=\"page\">\n\t\t\t\t<div class=\"elementor-element elementor-element-10cf7bbf e-flex e-con-boxed e-con e-parent\" data-id=\"10cf7bbf\" data-element_type=\"container\">\n\t\t\t\t\t<div class=\"e-con-inner\">\n\t\t\t\t<div class=\"elementor-element elementor-element-2cff8a3f elementor-widget-mobile__width-inherit elementor--h-position-center elementor--v-position-middle elementor-arrows-position-inside elementor-pagination-position-inside elementor-widget elementor-widget-slides\" data-id=\"2cff8a3f\" data-element_type=\"widget\" data-settings=\"{&quot;autoplay_speed&quot;:1750,&quot;navigation&quot;:&quot;both&quot;,&quot;autoplay&quot;:&quot;yes&quot;,&quot;infinite&quot;:&quot;yes&quot;,&quot;transition&quot;:&quot;slide&quot;,&quot;transition_speed&quot;:500,&quot;ekit_we_effect_on&quot;:&quot;none&quot;}\" data-widget_type=\"slides.default\">\n\t\t\t\t<div class=\"elementor-widget-container\">\n\t\t\t\t\t\t\t\t\t<div class=\"elementor-swiper\">\n\t\t\t\t\t<div class=\"elementor-slides-wrapper elementor-main-swiper swiper\" role=\"region\" aria-roledescription=\"carousel\" aria-label=\"\u0421\u043b\u0430\u0439\u0434\u044b\" dir=\"ltr\" data-animation=\"fadeInUp\">\n\t\t\t\t<div class=\"swiper-wrapper elementor-slides\">\n\t\t\t\t\t\t\t\t\t\t<div class=\"elementor-repeater-item-96fe1d1 swiper-slide\" role=\"group\" aria-roledescription=\"slide\"><div class=\"swiper-slide-bg\" role=\"img\"><\/div><div class=\"swiper-slide-inner\" ><div class=\"swiper-slide-contents\"><\/div><\/div><\/div>\t\t\t\t<\/div>\n\t\t\t\t\t\t\t<\/div>\n\t\t\t\t<\/div>\n\t\t\t\t\t\t\t\t<\/div>\n\t\t\t\t<\/div>\n\t\t\t\t\t<\/div>\n\t\t\t\t<\/div>\n\t\t<div class=\"elementor-element elementor-element-12e004eb e-flex e-con-boxed e-con e-parent\" data-id=\"12e004eb\" data-element_type=\"container\">\n\t\t\t\t\t<div class=\"e-con-inner\">\n\t\t\t\t<div class=\"elementor-element elementor-element-38c45ed6 elementor-widget elementor-widget-text-editor\" data-id=\"38c45ed6\" data-element_type=\"widget\" data-settings=\"{&quot;ekit_we_effect_on&quot;:&quot;none&quot;}\" data-widget_type=\"text-editor.default\">\n\t\t\t\t<div class=\"elementor-widget-container\">\n\t\t\t\t\t\t\t\t\t<p><strong>\u041f\u0420\u0410\u0414\u041e<\/strong><\/p><p>\u041a\u0440\u043e\u0432\u0430\u0442\u044c Prado \u043c\u043e\u0434\u0435\u0440\u043d\u0438\u0437\u0438\u0440\u0443\u0435\u0442 \u0432\u0430\u0448\u0443 \u0441\u043f\u0430\u043b\u044c\u043d\u044e \u0431\u043b\u0430\u0433\u043e\u0434\u0430\u0440\u044f \u0438\u0437\u044f\u0449\u043d\u044b\u043c \u043b\u0438\u043d\u0438\u044f\u043c \u0438 \u0441\u0432\u0435\u0440\u0445\u043b\u0435\u0433\u043a\u043e\u043c\u0443 \u043a\u043e\u0440\u043f\u0443\u0441\u0443.<\/p>\t\t\t\t\t\t\t\t<\/div>\n\t\t\t\t<\/div>\n\t\t\t\t\t<\/div>\n\t\t\t\t<\/div>\n\t\t<div class=\"elementor-element elementor-element-4744aeee e-flex e-con-boxed e-con e-parent\" data-id=\"4744aeee\" data-element_type=\"container\">\n\t\t\t\t\t<div class=\"e-con-inner\">\n\t\t\t\t<div class=\"elementor-element elementor-element-39eeaa0c elementor-widget elementor-widget-image\" data-id=\"39eeaa0c\" data-element_type=\"widget\" data-settings=\"{&quot;ekit_we_effect_on&quot;:&quot;none&quot;}\" data-widget_type=\"image.default\">\n\t\t\t\t<div class=\"elementor-widget-container\">\n\t\t\t\t\t\t\t\t\t\t\t\t\t\t\t<img fetchpriority=\"high\" decoding=\"async\" width=\"5430\" height=\"2585\" src=\"https:\/\/lutra.com.tr\/wp-content\/uploads\/2024\/12\/ara-gorsel-imaj-1-88.png\" class=\"attachment-full size-full wp-image-2099\" alt=\"\" \/>\t\t\t\t\t\t\t\t\t\t\t\t\t\t\t<\/div>\n\t\t\t\t<\/div>\n\t\t\t\t\t<\/div>\n\t\t\t\t<\/div>\n\t\t<div class=\"elementor-element elementor-element-4b8c5fa e-flex e-con-boxed e-con e-parent\" data-id=\"4b8c5fa\" data-element_type=\"container\">\n\t\t\t\t\t<div class=\"e-con-inner\">\n\t\t\t\t<div class=\"elementor-element elementor-element-7314e75 gallery-spacing-custom elementor-widget elementor-widget-image-gallery\" data-id=\"7314e75\" data-element_type=\"widget\" data-settings=\"{&quot;ekit_we_effect_on&quot;:&quot;none&quot;}\" data-widget_type=\"image-gallery.default\">\n\t\t\t\t<div class=\"elementor-widget-container\">\n\t\t\t\t\t\t\t<div class=\"elementor-image-gallery\">\n\t\t\t<div id='gallery-1' class='gallery galleryid-2032 gallery-columns-2 gallery-size-full'><figure class='gallery-item'>\n\t\t\t<div class='gallery-icon landscape'>\n\t\t\t\t<a data-elementor-open-lightbox=\"yes\" data-elementor-lightbox-slideshow=\"7314e75\" data-e-action-hash=\"#elementor-action%3Aaction%3Dlightbox%26settings%3DeyJpZCI6MjA5NSwidXJsIjoiaHR0cHM6XC9cL2x1dHJhLmNvbS50clwvd3AtY29udGVudFwvdXBsb2Fkc1wvMjAyNFwvMTJcL2FsdC0xLTg4LnBuZyIsInNsaWRlc2hvdyI6IjczMTRlNzUifQ%3D%3D\" href='https:\/\/lutra.com.tr\/wp-content\/uploads\/2024\/12\/alt-1-88.png'><img decoding=\"async\" width=\"2588\" height=\"2585\" src=\"https:\/\/lutra.com.tr\/wp-content\/uploads\/2024\/12\/alt-1-88.png\" class=\"attachment-full size-full\" alt=\"\" \/><\/a>\n\t\t\t<\/div><\/figure><figure class='gallery-item'>\n\t\t\t<div class='gallery-icon landscape'>\n\t\t\t\t<a data-elementor-open-lightbox=\"yes\" data-elementor-lightbox-slideshow=\"7314e75\" data-e-action-hash=\"#elementor-action%3Aaction%3Dlightbox%26settings%3DeyJpZCI6MjA5NiwidXJsIjoiaHR0cHM6XC9cL2x1dHJhLmNvbS50clwvd3AtY29udGVudFwvdXBsb2Fkc1wvMjAyNFwvMTJcL2FsdC0yLTg3LnBuZyIsInNsaWRlc2hvdyI6IjczMTRlNzUifQ%3D%3D\" href='https:\/\/lutra.com.tr\/wp-content\/uploads\/2024\/12\/alt-2-87.png'><img decoding=\"async\" width=\"2588\" height=\"2585\" src=\"https:\/\/lutra.com.tr\/wp-content\/uploads\/2024\/12\/alt-2-87.png\" class=\"attachment-full size-full\" alt=\"\" \/><\/a>\n\t\t\t<\/div><\/figure><figure class='gallery-item'>\n\t\t\t<div class='gallery-icon landscape'>\n\t\t\t\t<a data-elementor-open-lightbox=\"yes\" data-elementor-lightbox-slideshow=\"7314e75\" data-e-action-hash=\"#elementor-action%3Aaction%3Dlightbox%26settings%3DeyJpZCI6MjA5NywidXJsIjoiaHR0cHM6XC9cL2x1dHJhLmNvbS50clwvd3AtY29udGVudFwvdXBsb2Fkc1wvMjAyNFwvMTJcL2FsdC0zLTc1LnBuZyIsInNsaWRlc2hvdyI6IjczMTRlNzUifQ%3D%3D\" href='https:\/\/lutra.com.tr\/wp-content\/uploads\/2024\/12\/alt-3-75.png'><img loading=\"lazy\" decoding=\"async\" width=\"2588\" height=\"2585\" src=\"https:\/\/lutra.com.tr\/wp-content\/uploads\/2024\/12\/alt-3-75.png\" class=\"attachment-full size-full\" alt=\"\" \/><\/a>\n\t\t\t<\/div><\/figure><figure class='gallery-item'>\n\t\t\t<div class='gallery-icon landscape'>\n\t\t\t\t<a data-elementor-open-lightbox=\"yes\" data-elementor-lightbox-slideshow=\"7314e75\" data-e-action-hash=\"#elementor-action%3Aaction%3Dlightbox%26settings%3DeyJpZCI6MjA5OCwidXJsIjoiaHR0cHM6XC9cL2x1dHJhLmNvbS50clwvd3AtY29udGVudFwvdXBsb2Fkc1wvMjAyNFwvMTJcL2FsdC00LTcxLnBuZyIsInNsaWRlc2hvdyI6IjczMTRlNzUifQ%3D%3D\" href='https:\/\/lutra.com.tr\/wp-content\/uploads\/2024\/12\/alt-4-71.png'><img loading=\"lazy\" decoding=\"async\" width=\"2588\" height=\"2585\" src=\"https:\/\/lutra.com.tr\/wp-content\/uploads\/2024\/12\/alt-4-71.png\" class=\"attachment-full size-full\" alt=\"\" \/><\/a>\n\t\t\t<\/div><\/figure>\n\t\t<\/div>\n\t\t<\/div>\n\t\t\t\t\t\t<\/div>\n\t\t\t\t<\/div>\n\t\t\t\t\t<\/div>\n\t\t\t\t<\/div>\n\t\t\t\t<\/div>","protected":false},"excerpt":{"rendered":"<p>PRADO Prado Yatak, narin \u00e7izgileri ve ultra hafif g\u00f6vde tasar\u0131m\u0131yla yatak odan\u0131z\u0131 modernle\u015ftirecek.<\/p>","protected":false},"author":1,"featured_media":0,"parent":0,"menu_order":0,"comment_status":"closed","ping_status":"closed","template":"","meta":{"footnotes":""},"class_list":["post-2032","page","type-page","status-publish","hentry"],"_links":{"self":[{"href":"https:\/\/lutra.com.tr\/ru\/wp-json\/wp\/v2\/pages\/2032","targetHints":{"allow":["GET"]}}],"collection":[{"href":"https:\/\/lutra.com.tr\/ru\/wp-json\/wp\/v2\/pages"}],"about":[{"href":"https:\/\/lutra.com.tr\/ru\/wp-json\/wp\/v2\/types\/page"}],"author":[{"embeddable":true,"href":"https:\/\/lutra.com.tr\/ru\/wp-json\/wp\/v2\/users\/1"}],"replies":[{"embeddable":true,"href":"https:\/\/lutra.com.tr\/ru\/wp-json\/wp\/v2\/comments?post=2032"}],"version-history":[{"count":0,"href":"https:\/\/lutra.com.tr\/ru\/wp-json\/wp\/v2\/pages\/2032\/revisions"}],"wp:attachment":[{"href":"https:\/\/lutra.com.tr\/ru\/wp-json\/wp\/v2\/media?parent=2032"}],"curies":[{"name":"wp","href":"https:\/\/api.w.org\/{rel}","templated":true}]}}