{"id":2807,"date":"2024-12-09T08:10:10","date_gmt":"2024-12-09T08:10:10","guid":{"rendered":"https:\/\/lutra.com.tr\/?page_id=2807"},"modified":"2025-05-29T15:11:12","modified_gmt":"2025-05-29T15:11:12","slug":"konsollar-frame","status":"publish","type":"page","link":"https:\/\/lutra.com.tr\/en\/konsollar-frame\/","title":{"rendered":"Konsollar Frame"},"content":{"rendered":"<div data-elementor-type=\"wp-page\" data-elementor-id=\"2807\" class=\"elementor elementor-2807\" data-elementor-post-type=\"page\">\n\t\t\t\t<div class=\"elementor-element elementor-element-608bcff3 e-flex e-con-boxed e-con e-parent\" data-id=\"608bcff3\" data-element_type=\"container\">\n\t\t\t\t\t<div class=\"e-con-inner\">\n\t\t\t\t<div class=\"elementor-element elementor-element-3002e94a elementor-widget-mobile__width-inherit elementor--h-position-center elementor--v-position-middle elementor-arrows-position-inside elementor-pagination-position-inside elementor-widget elementor-widget-slides\" data-id=\"3002e94a\" data-element_type=\"widget\" data-settings=\"{&quot;autoplay_speed&quot;:1750,&quot;navigation&quot;:&quot;both&quot;,&quot;autoplay&quot;:&quot;yes&quot;,&quot;infinite&quot;:&quot;yes&quot;,&quot;transition&quot;:&quot;slide&quot;,&quot;transition_speed&quot;:500,&quot;ekit_we_effect_on&quot;:&quot;none&quot;}\" data-widget_type=\"slides.default\">\n\t\t\t\t<div class=\"elementor-widget-container\">\n\t\t\t\t\t\t\t\t\t<div class=\"elementor-swiper\">\n\t\t\t\t\t<div class=\"elementor-slides-wrapper elementor-main-swiper swiper\" role=\"region\" aria-roledescription=\"carousel\" aria-label=\"Slides\" dir=\"ltr\" data-animation=\"fadeInUp\">\n\t\t\t\t<div class=\"swiper-wrapper elementor-slides\">\n\t\t\t\t\t\t\t\t\t\t<div class=\"elementor-repeater-item-96fe1d1 swiper-slide\" role=\"group\" aria-roledescription=\"slide\"><div class=\"swiper-slide-bg\" role=\"img\"><\/div><div class=\"swiper-slide-inner\" ><div class=\"swiper-slide-contents\"><\/div><\/div><\/div><div class=\"elementor-repeater-item-f995676 swiper-slide\" role=\"group\" aria-roledescription=\"slide\"><div class=\"swiper-slide-bg\" role=\"img\"><\/div><div class=\"swiper-slide-inner\" ><div class=\"swiper-slide-contents\"><\/div><\/div><\/div><div class=\"elementor-repeater-item-641d678 swiper-slide\" role=\"group\" aria-roledescription=\"slide\"><div class=\"swiper-slide-bg\" role=\"img\"><\/div><div class=\"swiper-slide-inner\" ><div class=\"swiper-slide-contents\"><\/div><\/div><\/div>\t\t\t\t<\/div>\n\t\t\t\t\t\t\t\t\t\t\t\t\t\t\t<div class=\"elementor-swiper-button elementor-swiper-button-prev\" role=\"button\" tabindex=\"0\" aria-label=\"\u041f\u0440\u0435\u0434\u044b\u0434\u0443\u0449\u0438\u0439 \u0441\u043b\u0430\u0439\u0434\" data-no-translation-aria-label=\"\">\n\t\t\t\t\t\t\t<svg aria-hidden=\"true\" class=\"e-font-icon-svg e-eicon-chevron-left\" viewbox=\"0 0 1000 1000\" xmlns=\"http:\/\/www.w3.org\/2000\/svg\"><path d=\"M646 125C629 125 613 133 604 142L308 442C296 454 292 471 292 487 292 504 296 521 308 533L604 854C617 867 629 875 646 875 663 875 679 871 692 858 704 846 713 829 713 812 713 796 708 779 692 767L438 487 692 225C700 217 708 204 708 187 708 171 704 154 692 142 675 129 663 125 646 125Z\"><\/path><\/svg>\t\t\t\t\t\t<\/div>\n\t\t\t\t\t\t<div class=\"elementor-swiper-button elementor-swiper-button-next\" role=\"button\" tabindex=\"0\" aria-label=\"\u0421\u043b\u0435\u0434\u0443\u044e\u0449\u0438\u0439 \u0441\u043b\u0430\u0439\u0434\" data-no-translation-aria-label=\"\">\n\t\t\t\t\t\t\t<svg aria-hidden=\"true\" class=\"e-font-icon-svg e-eicon-chevron-right\" viewbox=\"0 0 1000 1000\" xmlns=\"http:\/\/www.w3.org\/2000\/svg\"><path d=\"M696 533C708 521 713 504 713 487 713 471 708 454 696 446L400 146C388 133 375 125 354 125 338 125 325 129 313 142 300 154 292 171 292 187 292 204 296 221 308 233L563 492 304 771C292 783 288 800 288 817 288 833 296 850 308 863 321 871 338 875 354 875 371 875 388 867 400 854L696 533Z\"><\/path><\/svg>\t\t\t\t\t\t<\/div>\n\t\t\t\t\t\t\t\t\t\t\t\t\t\t\t\t<div class=\"swiper-pagination\"><\/div>\n\t\t\t\t\t\t\t\t\t\t\t\t<\/div>\n\t\t\t\t<\/div>\n\t\t\t\t\t\t\t\t<\/div>\n\t\t\t\t<\/div>\n\t\t\t\t\t<\/div>\n\t\t\t\t<\/div>\n\t\t<div class=\"elementor-element elementor-element-52679515 e-flex e-con-boxed e-con e-parent\" data-id=\"52679515\" data-element_type=\"container\">\n\t\t\t\t\t<div class=\"e-con-inner\">\n\t\t\t\t<div class=\"elementor-element elementor-element-2b456af6 elementor-widget elementor-widget-text-editor\" data-id=\"2b456af6\" data-element_type=\"widget\" data-settings=\"{&quot;ekit_we_effect_on&quot;:&quot;none&quot;}\" data-widget_type=\"text-editor.default\">\n\t\t\t\t<div class=\"elementor-widget-container\">\n\t\t\t\t\t\t\t\t\t<p><strong>FRAME<\/strong><\/p><p class=\"a-b-r-La\">Frame Console, which stands out with its distinct rounded lines, is made up of wood, travertine porcelain and aged brass metal. Frame Console, which has a unique foot form and front design between the cabinet doors, presents a magnificent harmony. The smooth appearance of the elegant metal foot creates a contrasting balance with the rounded corners and matte, sanded, rough surface of the wooden cabinet. Designed for eyes that seek perfection with the unique workmanship of wood, Frame Console stands out as the most valuable piece of your home.<\/p>\t\t\t\t\t\t\t\t<\/div>\n\t\t\t\t<\/div>\n\t\t\t\t\t<\/div>\n\t\t\t\t<\/div>\n\t\t<div class=\"elementor-element elementor-element-1ad55603 e-flex e-con-boxed e-con e-parent\" data-id=\"1ad55603\" data-element_type=\"container\">\n\t\t\t\t\t<div class=\"e-con-inner\">\n\t\t\t\t<div class=\"elementor-element elementor-element-53e4e5d8 elementor-widget elementor-widget-image\" data-id=\"53e4e5d8\" data-element_type=\"widget\" data-settings=\"{&quot;ekit_we_effect_on&quot;:&quot;none&quot;}\" data-widget_type=\"image.default\">\n\t\t\t\t<div class=\"elementor-widget-container\">\n\t\t\t\t\t\t\t\t\t\t\t\t\t\t\t<img fetchpriority=\"high\" decoding=\"async\" width=\"5430\" height=\"2585\" src=\"https:\/\/lutra.com.tr\/wp-content\/uploads\/2024\/12\/ara-gorsel-imaj-1-110.png\" class=\"attachment-full size-full wp-image-2886\" alt=\"\" srcset=\"https:\/\/lutra.com.tr\/wp-content\/uploads\/2024\/12\/ara-gorsel-imaj-1-110.png 5430w, https:\/\/lutra.com.tr\/wp-content\/uploads\/2024\/12\/ara-gorsel-imaj-1-110-18x9.png 18w, https:\/\/lutra.com.tr\/wp-content\/uploads\/2024\/12\/ara-gorsel-imaj-1-110-24x11.png 24w, https:\/\/lutra.com.tr\/wp-content\/uploads\/2024\/12\/ara-gorsel-imaj-1-110-36x17.png 36w, https:\/\/lutra.com.tr\/wp-content\/uploads\/2024\/12\/ara-gorsel-imaj-1-110-100x48.png 100w\" sizes=\"(max-width: 5430px) 100vw, 5430px\" \/>\t\t\t\t\t\t\t\t\t\t\t\t\t\t\t<\/div>\n\t\t\t\t<\/div>\n\t\t\t\t\t<\/div>\n\t\t\t\t<\/div>\n\t\t<div class=\"elementor-element elementor-element-0a50d3f e-flex e-con-boxed e-con e-parent\" data-id=\"0a50d3f\" data-element_type=\"container\">\n\t\t\t\t\t<div class=\"e-con-inner\">\n\t\t\t\t<div class=\"elementor-element elementor-element-f1f1413 gallery-spacing-custom elementor-widget elementor-widget-image-gallery\" data-id=\"f1f1413\" data-element_type=\"widget\" data-settings=\"{&quot;ekit_we_effect_on&quot;:&quot;none&quot;}\" data-widget_type=\"image-gallery.default\">\n\t\t\t\t<div class=\"elementor-widget-container\">\n\t\t\t\t\t\t\t<div class=\"elementor-image-gallery\">\n\t\t\t<div id='gallery-1' class='gallery galleryid-2807 gallery-columns-2 gallery-size-full'><figure class='gallery-item'>\n\t\t\t<div class='gallery-icon landscape'>\n\t\t\t\t<a data-elementor-open-lightbox=\"yes\" data-elementor-lightbox-slideshow=\"f1f1413\" data-e-action-hash=\"#elementor-action%3Aaction%3Dlightbox%26settings%3DeyJpZCI6Mjg4MiwidXJsIjoiaHR0cHM6XC9cL2x1dHJhLmNvbS50clwvd3AtY29udGVudFwvdXBsb2Fkc1wvMjAyNFwvMTJcL2FsdC0xLTExMC5wbmciLCJzbGlkZXNob3ciOiJmMWYxNDEzIn0%3D\" href='https:\/\/lutra.com.tr\/wp-content\/uploads\/2024\/12\/alt-1-110.png'><img decoding=\"async\" width=\"1920\" height=\"1918\" src=\"https:\/\/lutra.com.tr\/wp-content\/uploads\/2024\/12\/alt-1-110.png\" class=\"attachment-full size-full\" alt=\"\" srcset=\"https:\/\/lutra.com.tr\/wp-content\/uploads\/2024\/12\/alt-1-110.png 1920w, https:\/\/lutra.com.tr\/wp-content\/uploads\/2024\/12\/alt-1-110-12x12.png 12w, https:\/\/lutra.com.tr\/wp-content\/uploads\/2024\/12\/alt-1-110-24x24.png 24w, https:\/\/lutra.com.tr\/wp-content\/uploads\/2024\/12\/alt-1-110-36x36.png 36w, https:\/\/lutra.com.tr\/wp-content\/uploads\/2024\/12\/alt-1-110-100x100.png 100w\" sizes=\"(max-width: 1920px) 100vw, 1920px\" \/><\/a>\n\t\t\t<\/div><\/figure><figure class='gallery-item'>\n\t\t\t<div class='gallery-icon landscape'>\n\t\t\t\t<a data-elementor-open-lightbox=\"yes\" data-elementor-lightbox-slideshow=\"f1f1413\" data-e-action-hash=\"#elementor-action%3Aaction%3Dlightbox%26settings%3DeyJpZCI6Mjg4MywidXJsIjoiaHR0cHM6XC9cL2x1dHJhLmNvbS50clwvd3AtY29udGVudFwvdXBsb2Fkc1wvMjAyNFwvMTJcL2FsdC0yLTExMC5wbmciLCJzbGlkZXNob3ciOiJmMWYxNDEzIn0%3D\" href='https:\/\/lutra.com.tr\/wp-content\/uploads\/2024\/12\/alt-2-110.png'><img decoding=\"async\" width=\"2588\" height=\"2585\" src=\"https:\/\/lutra.com.tr\/wp-content\/uploads\/2024\/12\/alt-2-110.png\" class=\"attachment-full size-full\" alt=\"\" srcset=\"https:\/\/lutra.com.tr\/wp-content\/uploads\/2024\/12\/alt-2-110.png 2588w, https:\/\/lutra.com.tr\/wp-content\/uploads\/2024\/12\/alt-2-110-12x12.png 12w, https:\/\/lutra.com.tr\/wp-content\/uploads\/2024\/12\/alt-2-110-24x24.png 24w, https:\/\/lutra.com.tr\/wp-content\/uploads\/2024\/12\/alt-2-110-36x36.png 36w, https:\/\/lutra.com.tr\/wp-content\/uploads\/2024\/12\/alt-2-110-100x100.png 100w\" sizes=\"(max-width: 2588px) 100vw, 2588px\" \/><\/a>\n\t\t\t<\/div><\/figure><figure class='gallery-item'>\n\t\t\t<div class='gallery-icon landscape'>\n\t\t\t\t<a data-elementor-open-lightbox=\"yes\" data-elementor-lightbox-slideshow=\"f1f1413\" data-e-action-hash=\"#elementor-action%3Aaction%3Dlightbox%26settings%3DeyJpZCI6Mjg4NCwidXJsIjoiaHR0cHM6XC9cL2x1dHJhLmNvbS50clwvd3AtY29udGVudFwvdXBsb2Fkc1wvMjAyNFwvMTJcL2FsdC0zLTkzLnBuZyIsInNsaWRlc2hvdyI6ImYxZjE0MTMifQ%3D%3D\" href='https:\/\/lutra.com.tr\/wp-content\/uploads\/2024\/12\/alt-3-93.png'><img loading=\"lazy\" decoding=\"async\" width=\"1920\" height=\"1918\" src=\"https:\/\/lutra.com.tr\/wp-content\/uploads\/2024\/12\/alt-3-93.png\" class=\"attachment-full size-full\" alt=\"\" srcset=\"https:\/\/lutra.com.tr\/wp-content\/uploads\/2024\/12\/alt-3-93.png 1920w, https:\/\/lutra.com.tr\/wp-content\/uploads\/2024\/12\/alt-3-93-12x12.png 12w, https:\/\/lutra.com.tr\/wp-content\/uploads\/2024\/12\/alt-3-93-24x24.png 24w, https:\/\/lutra.com.tr\/wp-content\/uploads\/2024\/12\/alt-3-93-36x36.png 36w, https:\/\/lutra.com.tr\/wp-content\/uploads\/2024\/12\/alt-3-93-100x100.png 100w\" sizes=\"(max-width: 1920px) 100vw, 1920px\" \/><\/a>\n\t\t\t<\/div><\/figure><figure class='gallery-item'>\n\t\t\t<div class='gallery-icon landscape'>\n\t\t\t\t<a data-elementor-open-lightbox=\"yes\" data-elementor-lightbox-slideshow=\"f1f1413\" data-e-action-hash=\"#elementor-action%3Aaction%3Dlightbox%26settings%3DeyJpZCI6Mjg4NSwidXJsIjoiaHR0cHM6XC9cL2x1dHJhLmNvbS50clwvd3AtY29udGVudFwvdXBsb2Fkc1wvMjAyNFwvMTJcL2FsdC00LTg5LnBuZyIsInNsaWRlc2hvdyI6ImYxZjE0MTMifQ%3D%3D\" href='https:\/\/lutra.com.tr\/wp-content\/uploads\/2024\/12\/alt-4-89.png'><img loading=\"lazy\" decoding=\"async\" width=\"2588\" height=\"2585\" src=\"https:\/\/lutra.com.tr\/wp-content\/uploads\/2024\/12\/alt-4-89.png\" class=\"attachment-full size-full\" alt=\"\" srcset=\"https:\/\/lutra.com.tr\/wp-content\/uploads\/2024\/12\/alt-4-89.png 2588w, https:\/\/lutra.com.tr\/wp-content\/uploads\/2024\/12\/alt-4-89-12x12.png 12w, https:\/\/lutra.com.tr\/wp-content\/uploads\/2024\/12\/alt-4-89-24x24.png 24w, https:\/\/lutra.com.tr\/wp-content\/uploads\/2024\/12\/alt-4-89-36x36.png 36w, https:\/\/lutra.com.tr\/wp-content\/uploads\/2024\/12\/alt-4-89-100x100.png 100w\" sizes=\"(max-width: 2588px) 100vw, 2588px\" \/><\/a>\n\t\t\t<\/div><\/figure>\n\t\t<\/div>\n\t\t<\/div>\n\t\t\t\t\t\t<\/div>\n\t\t\t\t<\/div>\n\t\t\t\t\t<\/div>\n\t\t\t\t<\/div>\n\t\t\t\t<\/div>","protected":false},"excerpt":{"rendered":"<p>FRAME Belirgin yuvarlat\u0131lm\u0131\u015f \u00e7izgileri ile \u00f6ne \u00e7\u0131kan Frame Konsol ah\u015fap, traverten porselen ve eskitilmi\u015f pirin\u00e7 metalin birle\u015fmesinden olu\u015fuyor. Dolap kapaklar\u0131 aras\u0131nda \u00f6zg\u00fcn bir ayak formu ve \u00f6n tasar\u0131ma sahip Frame Konsol muhte\u015fem bir uyum ortaya koyuyor. Zarif metal aya\u011f\u0131n, p\u00fcr\u00fczs\u00fcz g\u00f6r\u00fcnt\u00fcs\u00fc ah\u015fap dolab\u0131n yuvarlat\u0131lm\u0131\u015f k\u00f6\u015feleri ve mat, kumlanm\u0131\u015f, p\u00fct\u00fcrl\u00fc y\u00fczeyiyle bir z\u0131tl\u0131k dengesi yarat\u0131yor. Ah\u015fab\u0131n [&hellip;]<\/p>","protected":false},"author":1,"featured_media":0,"parent":0,"menu_order":0,"comment_status":"closed","ping_status":"closed","template":"","meta":{"footnotes":""},"class_list":["post-2807","page","type-page","status-publish","hentry"],"_links":{"self":[{"href":"https:\/\/lutra.com.tr\/en\/wp-json\/wp\/v2\/pages\/2807","targetHints":{"allow":["GET"]}}],"collection":[{"href":"https:\/\/lutra.com.tr\/en\/wp-json\/wp\/v2\/pages"}],"about":[{"href":"https:\/\/lutra.com.tr\/en\/wp-json\/wp\/v2\/types\/page"}],"author":[{"embeddable":true,"href":"https:\/\/lutra.com.tr\/en\/wp-json\/wp\/v2\/users\/1"}],"replies":[{"embeddable":true,"href":"https:\/\/lutra.com.tr\/en\/wp-json\/wp\/v2\/comments?post=2807"}],"version-history":[{"count":0,"href":"https:\/\/lutra.com.tr\/en\/wp-json\/wp\/v2\/pages\/2807\/revisions"}],"wp:attachment":[{"href":"https:\/\/lutra.com.tr\/en\/wp-json\/wp\/v2\/media?parent=2807"}],"curies":[{"name":"wp","href":"https:\/\/api.w.org\/{rel}","templated":true}]}}