{"id":2806,"date":"2024-12-09T08:09:22","date_gmt":"2024-12-09T08:09:22","guid":{"rendered":"https:\/\/lutra.com.tr\/?page_id=2806"},"modified":"2025-05-29T15:10:58","modified_gmt":"2025-05-29T15:10:58","slug":"konsollar-code","status":"publish","type":"page","link":"https:\/\/lutra.com.tr\/en\/konsollar-code\/","title":{"rendered":"Konsollar Code"},"content":{"rendered":"<div data-elementor-type=\"wp-page\" data-elementor-id=\"2806\" class=\"elementor elementor-2806\" data-elementor-post-type=\"page\">\n\t\t\t\t<div class=\"elementor-element elementor-element-1b49dfa9 e-flex e-con-boxed e-con e-parent\" data-id=\"1b49dfa9\" data-element_type=\"container\">\n\t\t\t\t\t<div class=\"e-con-inner\">\n\t\t\t\t<div class=\"elementor-element elementor-element-5a2e5215 elementor-widget-mobile__width-inherit elementor--h-position-center elementor--v-position-middle elementor-arrows-position-inside elementor-pagination-position-inside elementor-widget elementor-widget-slides\" data-id=\"5a2e5215\" data-element_type=\"widget\" data-settings=\"{&quot;autoplay_speed&quot;:1750,&quot;navigation&quot;:&quot;both&quot;,&quot;autoplay&quot;:&quot;yes&quot;,&quot;infinite&quot;:&quot;yes&quot;,&quot;transition&quot;:&quot;slide&quot;,&quot;transition_speed&quot;:500,&quot;ekit_we_effect_on&quot;:&quot;none&quot;}\" data-widget_type=\"slides.default\">\n\t\t\t\t<div class=\"elementor-widget-container\">\n\t\t\t\t\t\t\t\t\t<div class=\"elementor-swiper\">\n\t\t\t\t\t<div class=\"elementor-slides-wrapper elementor-main-swiper swiper\" role=\"region\" aria-roledescription=\"carousel\" aria-label=\"Slides\" dir=\"ltr\" data-animation=\"fadeInUp\">\n\t\t\t\t<div class=\"swiper-wrapper elementor-slides\">\n\t\t\t\t\t\t\t\t\t\t<div class=\"elementor-repeater-item-96fe1d1 swiper-slide\" role=\"group\" aria-roledescription=\"slide\"><div class=\"swiper-slide-bg\" role=\"img\"><\/div><div class=\"swiper-slide-inner\" ><div class=\"swiper-slide-contents\"><\/div><\/div><\/div><div class=\"elementor-repeater-item-f995676 swiper-slide\" role=\"group\" aria-roledescription=\"slide\"><div class=\"swiper-slide-bg\" role=\"img\"><\/div><div class=\"swiper-slide-inner\" ><div class=\"swiper-slide-contents\"><\/div><\/div><\/div><div class=\"elementor-repeater-item-641d678 swiper-slide\" role=\"group\" aria-roledescription=\"slide\"><div class=\"swiper-slide-bg\" role=\"img\"><\/div><div class=\"swiper-slide-inner\" ><div class=\"swiper-slide-contents\"><\/div><\/div><\/div>\t\t\t\t<\/div>\n\t\t\t\t\t\t\t\t\t\t\t\t\t\t\t<div class=\"elementor-swiper-button elementor-swiper-button-prev\" role=\"button\" tabindex=\"0\" aria-label=\"Previous slide\">\n\t\t\t\t\t\t\t<svg aria-hidden=\"true\" class=\"e-font-icon-svg e-eicon-chevron-left\" viewbox=\"0 0 1000 1000\" xmlns=\"http:\/\/www.w3.org\/2000\/svg\"><path d=\"M646 125C629 125 613 133 604 142L308 442C296 454 292 471 292 487 292 504 296 521 308 533L604 854C617 867 629 875 646 875 663 875 679 871 692 858 704 846 713 829 713 812 713 796 708 779 692 767L438 487 692 225C700 217 708 204 708 187 708 171 704 154 692 142 675 129 663 125 646 125Z\"><\/path><\/svg>\t\t\t\t\t\t<\/div>\n\t\t\t\t\t\t<div class=\"elementor-swiper-button elementor-swiper-button-next\" role=\"button\" tabindex=\"0\" aria-label=\"Next slide\">\n\t\t\t\t\t\t\t<svg aria-hidden=\"true\" class=\"e-font-icon-svg e-eicon-chevron-right\" viewbox=\"0 0 1000 1000\" xmlns=\"http:\/\/www.w3.org\/2000\/svg\"><path d=\"M696 533C708 521 713 504 713 487 713 471 708 454 696 446L400 146C388 133 375 125 354 125 338 125 325 129 313 142 300 154 292 171 292 187 292 204 296 221 308 233L563 492 304 771C292 783 288 800 288 817 288 833 296 850 308 863 321 871 338 875 354 875 371 875 388 867 400 854L696 533Z\"><\/path><\/svg>\t\t\t\t\t\t<\/div>\n\t\t\t\t\t\t\t\t\t\t\t\t\t\t\t\t<div class=\"swiper-pagination\"><\/div>\n\t\t\t\t\t\t\t\t\t\t\t\t<\/div>\n\t\t\t\t<\/div>\n\t\t\t\t\t\t\t\t<\/div>\n\t\t\t\t<\/div>\n\t\t\t\t\t<\/div>\n\t\t\t\t<\/div>\n\t\t<div class=\"elementor-element elementor-element-4111eda9 e-flex e-con-boxed e-con e-parent\" data-id=\"4111eda9\" data-element_type=\"container\">\n\t\t\t\t\t<div class=\"e-con-inner\">\n\t\t\t\t<div class=\"elementor-element elementor-element-69e91df8 elementor-widget elementor-widget-text-editor\" data-id=\"69e91df8\" data-element_type=\"widget\" data-settings=\"{&quot;ekit_we_effect_on&quot;:&quot;none&quot;}\" data-widget_type=\"text-editor.default\">\n\t\t\t\t<div class=\"elementor-widget-container\">\n\t\t\t\t\t\t\t\t\t<p><strong>CODE<\/strong><\/p><p>Code Console, one of the iconic pieces of the Code collection, brings an artistic character to living spaces in particular. Code console, with its soft yet sharp design, aims to capture balance. It contributes to its extremely ostentatious modern appeal with its porcelain top options.<\/p>\t\t\t\t\t\t\t\t<\/div>\n\t\t\t\t<\/div>\n\t\t\t\t\t<\/div>\n\t\t\t\t<\/div>\n\t\t<div class=\"elementor-element elementor-element-2f23de06 e-flex e-con-boxed e-con e-parent\" data-id=\"2f23de06\" data-element_type=\"container\">\n\t\t\t\t\t<div class=\"e-con-inner\">\n\t\t\t\t<div class=\"elementor-element elementor-element-1d6a1b38 elementor-widget elementor-widget-image\" data-id=\"1d6a1b38\" data-element_type=\"widget\" data-settings=\"{&quot;ekit_we_effect_on&quot;:&quot;none&quot;}\" data-widget_type=\"image.default\">\n\t\t\t\t<div class=\"elementor-widget-container\">\n\t\t\t\t\t\t\t\t\t\t\t\t\t\t\t<img fetchpriority=\"high\" decoding=\"async\" width=\"1920\" height=\"914\" src=\"https:\/\/lutra.com.tr\/wp-content\/uploads\/2024\/12\/ara-gorsel-imaj-1-109.png\" class=\"attachment-full size-full wp-image-2874\" alt=\"\" srcset=\"https:\/\/lutra.com.tr\/wp-content\/uploads\/2024\/12\/ara-gorsel-imaj-1-109.png 1920w, https:\/\/lutra.com.tr\/wp-content\/uploads\/2024\/12\/ara-gorsel-imaj-1-109-18x9.png 18w, https:\/\/lutra.com.tr\/wp-content\/uploads\/2024\/12\/ara-gorsel-imaj-1-109-24x11.png 24w, https:\/\/lutra.com.tr\/wp-content\/uploads\/2024\/12\/ara-gorsel-imaj-1-109-36x17.png 36w, https:\/\/lutra.com.tr\/wp-content\/uploads\/2024\/12\/ara-gorsel-imaj-1-109-100x48.png 100w\" sizes=\"(max-width: 1920px) 100vw, 1920px\" \/>\t\t\t\t\t\t\t\t\t\t\t\t\t\t\t<\/div>\n\t\t\t\t<\/div>\n\t\t\t\t\t<\/div>\n\t\t\t\t<\/div>\n\t\t<div class=\"elementor-element elementor-element-4b8bafc e-flex e-con-boxed e-con e-parent\" data-id=\"4b8bafc\" data-element_type=\"container\">\n\t\t\t\t\t<div class=\"e-con-inner\">\n\t\t\t\t<div class=\"elementor-element elementor-element-246effa gallery-spacing-custom elementor-widget elementor-widget-image-gallery\" data-id=\"246effa\" data-element_type=\"widget\" data-settings=\"{&quot;ekit_we_effect_on&quot;:&quot;none&quot;}\" data-widget_type=\"image-gallery.default\">\n\t\t\t\t<div class=\"elementor-widget-container\">\n\t\t\t\t\t\t\t<div class=\"elementor-image-gallery\">\n\t\t\t<div id='gallery-1' class='gallery galleryid-2806 gallery-columns-2 gallery-size-full'><figure class='gallery-item'>\n\t\t\t<div class='gallery-icon landscape'>\n\t\t\t\t<a data-elementor-open-lightbox=\"yes\" data-elementor-lightbox-slideshow=\"246effa\" data-e-action-hash=\"#elementor-action%3Aaction%3Dlightbox%26settings%3DeyJpZCI6NDUxMywidXJsIjoiaHR0cHM6XC9cL2x1dHJhLmNvbS50clwvd3AtY29udGVudFwvdXBsb2Fkc1wvMjAyNVwvMDFcL2FsdC0xLTIxLnBuZyIsInNsaWRlc2hvdyI6IjI0NmVmZmEifQ%3D%3D\" href='https:\/\/lutra.com.tr\/wp-content\/uploads\/2025\/01\/alt-1-21.png'><img decoding=\"async\" width=\"1920\" height=\"1918\" src=\"https:\/\/lutra.com.tr\/wp-content\/uploads\/2025\/01\/alt-1-21.png\" class=\"attachment-full size-full\" alt=\"\" srcset=\"https:\/\/lutra.com.tr\/wp-content\/uploads\/2025\/01\/alt-1-21.png 1920w, https:\/\/lutra.com.tr\/wp-content\/uploads\/2025\/01\/alt-1-21-12x12.png 12w, https:\/\/lutra.com.tr\/wp-content\/uploads\/2025\/01\/alt-1-21-24x24.png 24w, https:\/\/lutra.com.tr\/wp-content\/uploads\/2025\/01\/alt-1-21-36x36.png 36w, https:\/\/lutra.com.tr\/wp-content\/uploads\/2025\/01\/alt-1-21-100x100.png 100w\" sizes=\"(max-width: 1920px) 100vw, 1920px\" \/><\/a>\n\t\t\t<\/div><\/figure><figure class='gallery-item'>\n\t\t\t<div class='gallery-icon landscape'>\n\t\t\t\t<a data-elementor-open-lightbox=\"yes\" data-elementor-lightbox-slideshow=\"246effa\" data-e-action-hash=\"#elementor-action%3Aaction%3Dlightbox%26settings%3DeyJpZCI6NDUxNCwidXJsIjoiaHR0cHM6XC9cL2x1dHJhLmNvbS50clwvd3AtY29udGVudFwvdXBsb2Fkc1wvMjAyNVwvMDFcL2FsdC0yLTE5LnBuZyIsInNsaWRlc2hvdyI6IjI0NmVmZmEifQ%3D%3D\" href='https:\/\/lutra.com.tr\/wp-content\/uploads\/2025\/01\/alt-2-19.png'><img decoding=\"async\" width=\"2588\" height=\"2585\" src=\"https:\/\/lutra.com.tr\/wp-content\/uploads\/2025\/01\/alt-2-19.png\" class=\"attachment-full size-full\" alt=\"\" srcset=\"https:\/\/lutra.com.tr\/wp-content\/uploads\/2025\/01\/alt-2-19.png 2588w, https:\/\/lutra.com.tr\/wp-content\/uploads\/2025\/01\/alt-2-19-12x12.png 12w, https:\/\/lutra.com.tr\/wp-content\/uploads\/2025\/01\/alt-2-19-24x24.png 24w, https:\/\/lutra.com.tr\/wp-content\/uploads\/2025\/01\/alt-2-19-36x36.png 36w, https:\/\/lutra.com.tr\/wp-content\/uploads\/2025\/01\/alt-2-19-100x100.png 100w\" sizes=\"(max-width: 2588px) 100vw, 2588px\" \/><\/a>\n\t\t\t<\/div><\/figure><figure class='gallery-item'>\n\t\t\t<div class='gallery-icon landscape'>\n\t\t\t\t<a data-elementor-open-lightbox=\"yes\" data-elementor-lightbox-slideshow=\"246effa\" data-e-action-hash=\"#elementor-action%3Aaction%3Dlightbox%26settings%3DeyJpZCI6NDUxNSwidXJsIjoiaHR0cHM6XC9cL2x1dHJhLmNvbS50clwvd3AtY29udGVudFwvdXBsb2Fkc1wvMjAyNVwvMDFcL2FsdC0zLTE5LnBuZyIsInNsaWRlc2hvdyI6IjI0NmVmZmEifQ%3D%3D\" href='https:\/\/lutra.com.tr\/wp-content\/uploads\/2025\/01\/alt-3-19.png'><img loading=\"lazy\" decoding=\"async\" width=\"1920\" height=\"1918\" src=\"https:\/\/lutra.com.tr\/wp-content\/uploads\/2025\/01\/alt-3-19.png\" class=\"attachment-full size-full\" alt=\"\" srcset=\"https:\/\/lutra.com.tr\/wp-content\/uploads\/2025\/01\/alt-3-19.png 1920w, https:\/\/lutra.com.tr\/wp-content\/uploads\/2025\/01\/alt-3-19-12x12.png 12w, https:\/\/lutra.com.tr\/wp-content\/uploads\/2025\/01\/alt-3-19-24x24.png 24w, https:\/\/lutra.com.tr\/wp-content\/uploads\/2025\/01\/alt-3-19-36x36.png 36w, https:\/\/lutra.com.tr\/wp-content\/uploads\/2025\/01\/alt-3-19-100x100.png 100w\" sizes=\"(max-width: 1920px) 100vw, 1920px\" \/><\/a>\n\t\t\t<\/div><\/figure><figure class='gallery-item'>\n\t\t\t<div class='gallery-icon landscape'>\n\t\t\t\t<a data-elementor-open-lightbox=\"yes\" data-elementor-lightbox-slideshow=\"246effa\" data-e-action-hash=\"#elementor-action%3Aaction%3Dlightbox%26settings%3DeyJpZCI6NDUxNiwidXJsIjoiaHR0cHM6XC9cL2x1dHJhLmNvbS50clwvd3AtY29udGVudFwvdXBsb2Fkc1wvMjAyNVwvMDFcL2FsdC00LTIxLnBuZyIsInNsaWRlc2hvdyI6IjI0NmVmZmEifQ%3D%3D\" href='https:\/\/lutra.com.tr\/wp-content\/uploads\/2025\/01\/alt-4-21.png'><img loading=\"lazy\" decoding=\"async\" width=\"1920\" height=\"1918\" src=\"https:\/\/lutra.com.tr\/wp-content\/uploads\/2025\/01\/alt-4-21.png\" class=\"attachment-full size-full\" alt=\"\" srcset=\"https:\/\/lutra.com.tr\/wp-content\/uploads\/2025\/01\/alt-4-21.png 1920w, https:\/\/lutra.com.tr\/wp-content\/uploads\/2025\/01\/alt-4-21-12x12.png 12w, https:\/\/lutra.com.tr\/wp-content\/uploads\/2025\/01\/alt-4-21-24x24.png 24w, https:\/\/lutra.com.tr\/wp-content\/uploads\/2025\/01\/alt-4-21-36x36.png 36w, https:\/\/lutra.com.tr\/wp-content\/uploads\/2025\/01\/alt-4-21-100x100.png 100w\" sizes=\"(max-width: 1920px) 100vw, 1920px\" \/><\/a>\n\t\t\t<\/div><\/figure>\n\t\t<\/div>\n\t\t<\/div>\n\t\t\t\t\t\t<\/div>\n\t\t\t\t<\/div>\n\t\t\t\t\t<\/div>\n\t\t\t\t<\/div>\n\t\t\t\t<\/div>","protected":false},"excerpt":{"rendered":"<p>CODE Code koleksiyonunun ikonikle\u015fen par\u00e7alar\u0131ndan biri olan Code Konsol, \u00f6zellikle ya\u015fam alanlar\u0131na sanatsal bir karakter getiriyor. Tasar\u0131m\u0131, yumu\u015fak ama ayn\u0131 zamanda keskin hatlar ta\u015f\u0131yan Code konsol, dengeyi yakalama amac\u0131n\u0131 ta\u015f\u0131yor. Porselen \u00fcst tabla se\u00e7enekleri ile son derece g\u00f6steri\u015fli modern \u00e7ekicili\u011fine katk\u0131da bulunuyor.<\/p>","protected":false},"author":1,"featured_media":0,"parent":0,"menu_order":0,"comment_status":"closed","ping_status":"closed","template":"","meta":{"footnotes":""},"class_list":["post-2806","page","type-page","status-publish","hentry"],"_links":{"self":[{"href":"https:\/\/lutra.com.tr\/en\/wp-json\/wp\/v2\/pages\/2806","targetHints":{"allow":["GET"]}}],"collection":[{"href":"https:\/\/lutra.com.tr\/en\/wp-json\/wp\/v2\/pages"}],"about":[{"href":"https:\/\/lutra.com.tr\/en\/wp-json\/wp\/v2\/types\/page"}],"author":[{"embeddable":true,"href":"https:\/\/lutra.com.tr\/en\/wp-json\/wp\/v2\/users\/1"}],"replies":[{"embeddable":true,"href":"https:\/\/lutra.com.tr\/en\/wp-json\/wp\/v2\/comments?post=2806"}],"version-history":[{"count":0,"href":"https:\/\/lutra.com.tr\/en\/wp-json\/wp\/v2\/pages\/2806\/revisions"}],"wp:attachment":[{"href":"https:\/\/lutra.com.tr\/en\/wp-json\/wp\/v2\/media?parent=2806"}],"curies":[{"name":"wp","href":"https:\/\/api.w.org\/{rel}","templated":true}]}}