{"id":2031,"date":"2024-12-06T07:04:45","date_gmt":"2024-12-06T07:04:45","guid":{"rendered":"https:\/\/lutra.com.tr\/?page_id=2031"},"modified":"2025-05-29T15:19:02","modified_gmt":"2025-05-29T15:19:02","slug":"yataklar-otto","status":"publish","type":"page","link":"https:\/\/lutra.com.tr\/en\/yataklar-otto\/","title":{"rendered":"Yataklar Otto"},"content":{"rendered":"<div data-elementor-type=\"wp-page\" data-elementor-id=\"2031\" class=\"elementor elementor-2031\" data-elementor-post-type=\"page\">\n\t\t\t\t<div class=\"elementor-element elementor-element-31c1a1ec e-flex e-con-boxed e-con e-parent\" data-id=\"31c1a1ec\" data-element_type=\"container\">\n\t\t\t\t\t<div class=\"e-con-inner\">\n\t\t\t\t<div class=\"elementor-element elementor-element-5189cff5 elementor-widget-mobile__width-inherit elementor--h-position-center elementor--v-position-middle elementor-arrows-position-inside elementor-pagination-position-inside elementor-widget elementor-widget-slides\" data-id=\"5189cff5\" data-element_type=\"widget\" data-settings=\"{&quot;autoplay_speed&quot;:1750,&quot;navigation&quot;:&quot;both&quot;,&quot;autoplay&quot;:&quot;yes&quot;,&quot;infinite&quot;:&quot;yes&quot;,&quot;transition&quot;:&quot;slide&quot;,&quot;transition_speed&quot;:500,&quot;ekit_we_effect_on&quot;:&quot;none&quot;}\" data-widget_type=\"slides.default\">\n\t\t\t\t<div class=\"elementor-widget-container\">\n\t\t\t\t\t\t\t\t\t<div class=\"elementor-swiper\">\n\t\t\t\t\t<div class=\"elementor-slides-wrapper elementor-main-swiper swiper\" role=\"region\" aria-roledescription=\"carousel\" aria-label=\"Slides\" dir=\"ltr\" data-animation=\"fadeInUp\">\n\t\t\t\t<div class=\"swiper-wrapper elementor-slides\">\n\t\t\t\t\t\t\t\t\t\t<div class=\"elementor-repeater-item-96fe1d1 swiper-slide\" role=\"group\" aria-roledescription=\"slide\"><div class=\"swiper-slide-bg\" role=\"img\"><\/div><div class=\"swiper-slide-inner\" ><div class=\"swiper-slide-contents\"><\/div><\/div><\/div>\t\t\t\t<\/div>\n\t\t\t\t\t\t\t<\/div>\n\t\t\t\t<\/div>\n\t\t\t\t\t\t\t\t<\/div>\n\t\t\t\t<\/div>\n\t\t\t\t\t<\/div>\n\t\t\t\t<\/div>\n\t\t<div class=\"elementor-element elementor-element-72ba42c9 e-flex e-con-boxed e-con e-parent\" data-id=\"72ba42c9\" data-element_type=\"container\">\n\t\t\t\t\t<div class=\"e-con-inner\">\n\t\t\t\t<div class=\"elementor-element elementor-element-58ce5499 elementor-widget elementor-widget-text-editor\" data-id=\"58ce5499\" data-element_type=\"widget\" data-settings=\"{&quot;ekit_we_effect_on&quot;:&quot;none&quot;}\" data-widget_type=\"text-editor.default\">\n\t\t\t\t<div class=\"elementor-widget-container\">\n\t\t\t\t\t\t\t\t\t<p><strong>OTTO<\/strong><\/p><p>The lacquered polish quality, one of Lutra&#039;s signatures, creates a striking presence in spaces with the Otto bed.<\/p>\t\t\t\t\t\t\t\t<\/div>\n\t\t\t\t<\/div>\n\t\t\t\t\t<\/div>\n\t\t\t\t<\/div>\n\t\t<div class=\"elementor-element elementor-element-28672256 e-flex e-con-boxed e-con e-parent\" data-id=\"28672256\" data-element_type=\"container\">\n\t\t\t\t\t<div class=\"e-con-inner\">\n\t\t\t\t<div class=\"elementor-element elementor-element-2928ed23 elementor-widget elementor-widget-image\" data-id=\"2928ed23\" data-element_type=\"widget\" data-settings=\"{&quot;ekit_we_effect_on&quot;:&quot;none&quot;}\" data-widget_type=\"image.default\">\n\t\t\t\t<div class=\"elementor-widget-container\">\n\t\t\t\t\t\t\t\t\t\t\t\t\t\t\t<img fetchpriority=\"high\" decoding=\"async\" width=\"5430\" height=\"2585\" src=\"https:\/\/lutra.com.tr\/wp-content\/uploads\/2024\/12\/ara-gorsel-imaj-1-87.png\" class=\"attachment-full size-full wp-image-2090\" alt=\"\" \/>\t\t\t\t\t\t\t\t\t\t\t\t\t\t\t<\/div>\n\t\t\t\t<\/div>\n\t\t\t\t\t<\/div>\n\t\t\t\t<\/div>\n\t\t<div class=\"elementor-element elementor-element-f1ac763 e-flex e-con-boxed e-con e-parent\" data-id=\"f1ac763\" data-element_type=\"container\">\n\t\t\t\t\t<div class=\"e-con-inner\">\n\t\t\t\t<div class=\"elementor-element elementor-element-90e8c12 gallery-spacing-custom elementor-widget elementor-widget-image-gallery\" data-id=\"90e8c12\" data-element_type=\"widget\" data-settings=\"{&quot;ekit_we_effect_on&quot;:&quot;none&quot;}\" data-widget_type=\"image-gallery.default\">\n\t\t\t\t<div class=\"elementor-widget-container\">\n\t\t\t\t\t\t\t<div class=\"elementor-image-gallery\">\n\t\t\t<div id='gallery-1' class='gallery galleryid-2031 gallery-columns-2 gallery-size-full'><figure class='gallery-item'>\n\t\t\t<div class='gallery-icon landscape'>\n\t\t\t\t<a data-elementor-open-lightbox=\"yes\" data-elementor-lightbox-slideshow=\"90e8c12\" data-e-action-hash=\"#elementor-action%3Aaction%3Dlightbox%26settings%3DeyJpZCI6MjA4NiwidXJsIjoiaHR0cHM6XC9cL2x1dHJhLmNvbS50clwvd3AtY29udGVudFwvdXBsb2Fkc1wvMjAyNFwvMTJcL2FsdC0xLTg3LnBuZyIsInNsaWRlc2hvdyI6IjkwZThjMTIifQ%3D%3D\" href='https:\/\/lutra.com.tr\/wp-content\/uploads\/2024\/12\/alt-1-87.png'><img decoding=\"async\" width=\"2588\" height=\"2585\" src=\"https:\/\/lutra.com.tr\/wp-content\/uploads\/2024\/12\/alt-1-87.png\" class=\"attachment-full size-full\" alt=\"\" \/><\/a>\n\t\t\t<\/div><\/figure><figure class='gallery-item'>\n\t\t\t<div class='gallery-icon landscape'>\n\t\t\t\t<a data-elementor-open-lightbox=\"yes\" data-elementor-lightbox-slideshow=\"90e8c12\" data-e-action-hash=\"#elementor-action%3Aaction%3Dlightbox%26settings%3DeyJpZCI6MjA4NywidXJsIjoiaHR0cHM6XC9cL2x1dHJhLmNvbS50clwvd3AtY29udGVudFwvdXBsb2Fkc1wvMjAyNFwvMTJcL2FsdC0yLTg2LnBuZyIsInNsaWRlc2hvdyI6IjkwZThjMTIifQ%3D%3D\" href='https:\/\/lutra.com.tr\/wp-content\/uploads\/2024\/12\/alt-2-86.png'><img decoding=\"async\" width=\"2588\" height=\"2585\" src=\"https:\/\/lutra.com.tr\/wp-content\/uploads\/2024\/12\/alt-2-86.png\" class=\"attachment-full size-full\" alt=\"\" \/><\/a>\n\t\t\t<\/div><\/figure><figure class='gallery-item'>\n\t\t\t<div class='gallery-icon landscape'>\n\t\t\t\t<a data-elementor-open-lightbox=\"yes\" data-elementor-lightbox-slideshow=\"90e8c12\" data-e-action-hash=\"#elementor-action%3Aaction%3Dlightbox%26settings%3DeyJpZCI6NDg0NywidXJsIjoiaHR0cHM6XC9cL2x1dHJhLmNvbS50clwvd3AtY29udGVudFwvdXBsb2Fkc1wvMjAyNVwvMDFcL2FsdC0zLTI1LnBuZyIsInNsaWRlc2hvdyI6IjkwZThjMTIifQ%3D%3D\" href='https:\/\/lutra.com.tr\/wp-content\/uploads\/2025\/01\/alt-3-25.png'><img loading=\"lazy\" decoding=\"async\" width=\"1920\" height=\"1918\" src=\"https:\/\/lutra.com.tr\/wp-content\/uploads\/2025\/01\/alt-3-25.png\" class=\"attachment-full size-full\" alt=\"\" srcset=\"https:\/\/lutra.com.tr\/wp-content\/uploads\/2025\/01\/alt-3-25.png 1920w, https:\/\/lutra.com.tr\/wp-content\/uploads\/2025\/01\/alt-3-25-12x12.png 12w, https:\/\/lutra.com.tr\/wp-content\/uploads\/2025\/01\/alt-3-25-24x24.png 24w, https:\/\/lutra.com.tr\/wp-content\/uploads\/2025\/01\/alt-3-25-36x36.png 36w, https:\/\/lutra.com.tr\/wp-content\/uploads\/2025\/01\/alt-3-25-100x100.png 100w\" sizes=\"(max-width: 1920px) 100vw, 1920px\" \/><\/a>\n\t\t\t<\/div><\/figure><figure class='gallery-item'>\n\t\t\t<div class='gallery-icon landscape'>\n\t\t\t\t<a data-elementor-open-lightbox=\"yes\" data-elementor-lightbox-slideshow=\"90e8c12\" data-e-action-hash=\"#elementor-action%3Aaction%3Dlightbox%26settings%3DeyJpZCI6NDg0OCwidXJsIjoiaHR0cHM6XC9cL2x1dHJhLmNvbS50clwvd3AtY29udGVudFwvdXBsb2Fkc1wvMjAyNVwvMDFcL2FsdC00LTI4LnBuZyIsInNsaWRlc2hvdyI6IjkwZThjMTIifQ%3D%3D\" href='https:\/\/lutra.com.tr\/wp-content\/uploads\/2025\/01\/alt-4-28.png'><img loading=\"lazy\" decoding=\"async\" width=\"2588\" height=\"2585\" src=\"https:\/\/lutra.com.tr\/wp-content\/uploads\/2025\/01\/alt-4-28.png\" class=\"attachment-full size-full\" alt=\"\" srcset=\"https:\/\/lutra.com.tr\/wp-content\/uploads\/2025\/01\/alt-4-28.png 2588w, https:\/\/lutra.com.tr\/wp-content\/uploads\/2025\/01\/alt-4-28-12x12.png 12w, https:\/\/lutra.com.tr\/wp-content\/uploads\/2025\/01\/alt-4-28-24x24.png 24w, https:\/\/lutra.com.tr\/wp-content\/uploads\/2025\/01\/alt-4-28-36x36.png 36w, https:\/\/lutra.com.tr\/wp-content\/uploads\/2025\/01\/alt-4-28-100x100.png 100w\" sizes=\"(max-width: 2588px) 100vw, 2588px\" \/><\/a>\n\t\t\t<\/div><\/figure>\n\t\t<\/div>\n\t\t<\/div>\n\t\t\t\t\t\t<\/div>\n\t\t\t\t<\/div>\n\t\t\t\t\t<\/div>\n\t\t\t\t<\/div>\n\t\t\t\t<\/div>","protected":false},"excerpt":{"rendered":"<p>OTTO Lutra&#8217;n\u0131n imzalar\u0131ndan biri olan Lake cila kalitesi Otto yatak ile mekanlarda \u00e7arp\u0131c\u0131 bir duru\u015f sergiliyor.<\/p>","protected":false},"author":1,"featured_media":0,"parent":0,"menu_order":0,"comment_status":"closed","ping_status":"closed","template":"","meta":{"footnotes":""},"class_list":["post-2031","page","type-page","status-publish","hentry"],"_links":{"self":[{"href":"https:\/\/lutra.com.tr\/en\/wp-json\/wp\/v2\/pages\/2031","targetHints":{"allow":["GET"]}}],"collection":[{"href":"https:\/\/lutra.com.tr\/en\/wp-json\/wp\/v2\/pages"}],"about":[{"href":"https:\/\/lutra.com.tr\/en\/wp-json\/wp\/v2\/types\/page"}],"author":[{"embeddable":true,"href":"https:\/\/lutra.com.tr\/en\/wp-json\/wp\/v2\/users\/1"}],"replies":[{"embeddable":true,"href":"https:\/\/lutra.com.tr\/en\/wp-json\/wp\/v2\/comments?post=2031"}],"version-history":[{"count":0,"href":"https:\/\/lutra.com.tr\/en\/wp-json\/wp\/v2\/pages\/2031\/revisions"}],"wp:attachment":[{"href":"https:\/\/lutra.com.tr\/en\/wp-json\/wp\/v2\/media?parent=2031"}],"curies":[{"name":"wp","href":"https:\/\/api.w.org\/{rel}","templated":true}]}}