{"id":2030,"date":"2024-12-06T07:04:20","date_gmt":"2024-12-06T07:04:20","guid":{"rendered":"https:\/\/lutra.com.tr\/?page_id=2030"},"modified":"2025-05-29T15:18:47","modified_gmt":"2025-05-29T15:18:47","slug":"yataklar-soft","status":"publish","type":"page","link":"https:\/\/lutra.com.tr\/en\/yataklar-soft\/","title":{"rendered":"Yataklar Soft"},"content":{"rendered":"<div data-elementor-type=\"wp-page\" data-elementor-id=\"2030\" class=\"elementor elementor-2030\" data-elementor-post-type=\"page\">\n\t\t\t\t<div class=\"elementor-element elementor-element-d0c1d71 e-flex e-con-boxed e-con e-parent\" data-id=\"d0c1d71\" data-element_type=\"container\">\n\t\t\t\t\t<div class=\"e-con-inner\">\n\t\t\t\t<div class=\"elementor-element elementor-element-49cf2285 elementor-widget-mobile__width-inherit elementor--h-position-center elementor--v-position-middle elementor-arrows-position-inside elementor-pagination-position-inside elementor-widget elementor-widget-slides\" data-id=\"49cf2285\" data-element_type=\"widget\" data-settings=\"{&quot;autoplay_speed&quot;:1750,&quot;navigation&quot;:&quot;both&quot;,&quot;autoplay&quot;:&quot;yes&quot;,&quot;infinite&quot;:&quot;yes&quot;,&quot;transition&quot;:&quot;slide&quot;,&quot;transition_speed&quot;:500,&quot;ekit_we_effect_on&quot;:&quot;none&quot;}\" data-widget_type=\"slides.default\">\n\t\t\t\t<div class=\"elementor-widget-container\">\n\t\t\t\t\t\t\t\t\t<div class=\"elementor-swiper\">\n\t\t\t\t\t<div class=\"elementor-slides-wrapper elementor-main-swiper swiper\" role=\"region\" aria-roledescription=\"carousel\" aria-label=\"Slides\" dir=\"ltr\" data-animation=\"fadeInUp\">\n\t\t\t\t<div class=\"swiper-wrapper elementor-slides\">\n\t\t\t\t\t\t\t\t\t\t<div class=\"elementor-repeater-item-96fe1d1 swiper-slide\" role=\"group\" aria-roledescription=\"slide\"><div class=\"swiper-slide-bg\" role=\"img\"><\/div><div class=\"swiper-slide-inner\" ><div class=\"swiper-slide-contents\"><\/div><\/div><\/div>\t\t\t\t<\/div>\n\t\t\t\t\t\t\t<\/div>\n\t\t\t\t<\/div>\n\t\t\t\t\t\t\t\t<\/div>\n\t\t\t\t<\/div>\n\t\t\t\t\t<\/div>\n\t\t\t\t<\/div>\n\t\t<div class=\"elementor-element elementor-element-67d7139a e-flex e-con-boxed e-con e-parent\" data-id=\"67d7139a\" data-element_type=\"container\">\n\t\t\t\t\t<div class=\"e-con-inner\">\n\t\t\t\t<div class=\"elementor-element elementor-element-2af85e54 elementor-widget elementor-widget-text-editor\" data-id=\"2af85e54\" data-element_type=\"widget\" data-settings=\"{&quot;ekit_we_effect_on&quot;:&quot;none&quot;}\" data-widget_type=\"text-editor.default\">\n\t\t\t\t<div class=\"elementor-widget-container\">\n\t\t\t\t\t\t\t\t\t<p><strong>SOFT<\/strong><\/p><p>The Soft Bed will modernize your bedroom with its delicate lines and design.<\/p>\t\t\t\t\t\t\t\t<\/div>\n\t\t\t\t<\/div>\n\t\t\t\t\t<\/div>\n\t\t\t\t<\/div>\n\t\t<div class=\"elementor-element elementor-element-4f8e9e90 e-flex e-con-boxed e-con e-parent\" data-id=\"4f8e9e90\" data-element_type=\"container\">\n\t\t\t\t\t<div class=\"e-con-inner\">\n\t\t\t\t<div class=\"elementor-element elementor-element-33da1e33 elementor-widget elementor-widget-image\" data-id=\"33da1e33\" data-element_type=\"widget\" data-settings=\"{&quot;ekit_we_effect_on&quot;:&quot;none&quot;}\" data-widget_type=\"image.default\">\n\t\t\t\t<div class=\"elementor-widget-container\">\n\t\t\t\t\t\t\t\t\t\t\t\t\t\t\t<img fetchpriority=\"high\" decoding=\"async\" width=\"5430\" height=\"2585\" src=\"https:\/\/lutra.com.tr\/wp-content\/uploads\/2024\/12\/ara-gorsel-imaj-1-86.png\" class=\"attachment-full size-full wp-image-2081\" alt=\"\" \/>\t\t\t\t\t\t\t\t\t\t\t\t\t\t\t<\/div>\n\t\t\t\t<\/div>\n\t\t\t\t\t<\/div>\n\t\t\t\t<\/div>\n\t\t<div class=\"elementor-element elementor-element-0e47fbd e-flex e-con-boxed e-con e-parent\" data-id=\"0e47fbd\" data-element_type=\"container\">\n\t\t\t\t\t<div class=\"e-con-inner\">\n\t\t\t\t<div class=\"elementor-element elementor-element-669fdaf gallery-spacing-custom elementor-widget elementor-widget-image-gallery\" data-id=\"669fdaf\" data-element_type=\"widget\" data-settings=\"{&quot;ekit_we_effect_on&quot;:&quot;none&quot;}\" data-widget_type=\"image-gallery.default\">\n\t\t\t\t<div class=\"elementor-widget-container\">\n\t\t\t\t\t\t\t<div class=\"elementor-image-gallery\">\n\t\t\t<div id='gallery-1' class='gallery galleryid-2030 gallery-columns-2 gallery-size-full'><figure class='gallery-item'>\n\t\t\t<div class='gallery-icon landscape'>\n\t\t\t\t<a data-elementor-open-lightbox=\"yes\" data-elementor-lightbox-slideshow=\"669fdaf\" data-e-action-hash=\"#elementor-action%3Aaction%3Dlightbox%26settings%3DeyJpZCI6MjA3NywidXJsIjoiaHR0cHM6XC9cL2x1dHJhLmNvbS50clwvd3AtY29udGVudFwvdXBsb2Fkc1wvMjAyNFwvMTJcL2FsdC0xLTg2LnBuZyIsInNsaWRlc2hvdyI6IjY2OWZkYWYifQ%3D%3D\" href='https:\/\/lutra.com.tr\/wp-content\/uploads\/2024\/12\/alt-1-86.png'><img decoding=\"async\" width=\"2588\" height=\"2585\" src=\"https:\/\/lutra.com.tr\/wp-content\/uploads\/2024\/12\/alt-1-86.png\" class=\"attachment-full size-full\" alt=\"\" \/><\/a>\n\t\t\t<\/div><\/figure><figure class='gallery-item'>\n\t\t\t<div class='gallery-icon landscape'>\n\t\t\t\t<a data-elementor-open-lightbox=\"yes\" data-elementor-lightbox-slideshow=\"669fdaf\" data-e-action-hash=\"#elementor-action%3Aaction%3Dlightbox%26settings%3DeyJpZCI6MjA3OCwidXJsIjoiaHR0cHM6XC9cL2x1dHJhLmNvbS50clwvd3AtY29udGVudFwvdXBsb2Fkc1wvMjAyNFwvMTJcL2FsdC0yLTg1LnBuZyIsInNsaWRlc2hvdyI6IjY2OWZkYWYifQ%3D%3D\" href='https:\/\/lutra.com.tr\/wp-content\/uploads\/2024\/12\/alt-2-85.png'><img decoding=\"async\" width=\"2588\" height=\"2585\" src=\"https:\/\/lutra.com.tr\/wp-content\/uploads\/2024\/12\/alt-2-85.png\" class=\"attachment-full size-full\" alt=\"\" \/><\/a>\n\t\t\t<\/div><\/figure><figure class='gallery-item'>\n\t\t\t<div class='gallery-icon landscape'>\n\t\t\t\t<a data-elementor-open-lightbox=\"yes\" data-elementor-lightbox-slideshow=\"669fdaf\" data-e-action-hash=\"#elementor-action%3Aaction%3Dlightbox%26settings%3DeyJpZCI6NTQ0OSwidXJsIjoiaHR0cHM6XC9cL2x1dHJhLmNvbS50clwvd3AtY29udGVudFwvdXBsb2Fkc1wvMjAyNVwvMDNcL2FsdC0zLTEtNi5qcGciLCJzbGlkZXNob3ciOiI2NjlmZGFmIn0%3D\" href='https:\/\/lutra.com.tr\/wp-content\/uploads\/2025\/03\/alt-3-1-6.jpg'><img loading=\"lazy\" decoding=\"async\" width=\"1920\" height=\"1918\" src=\"https:\/\/lutra.com.tr\/wp-content\/uploads\/2025\/03\/alt-3-1-6.jpg\" class=\"attachment-full size-full\" alt=\"\" srcset=\"https:\/\/lutra.com.tr\/wp-content\/uploads\/2025\/03\/alt-3-1-6.jpg 1920w, https:\/\/lutra.com.tr\/wp-content\/uploads\/2025\/03\/alt-3-1-6-300x300.jpg 300w, https:\/\/lutra.com.tr\/wp-content\/uploads\/2025\/03\/alt-3-1-6-1024x1024.jpg 1024w, https:\/\/lutra.com.tr\/wp-content\/uploads\/2025\/03\/alt-3-1-6-150x150.jpg 150w, https:\/\/lutra.com.tr\/wp-content\/uploads\/2025\/03\/alt-3-1-6-768x767.jpg 768w, https:\/\/lutra.com.tr\/wp-content\/uploads\/2025\/03\/alt-3-1-6-1536x1534.jpg 1536w, https:\/\/lutra.com.tr\/wp-content\/uploads\/2025\/03\/alt-3-1-6-12x12.jpg 12w, https:\/\/lutra.com.tr\/wp-content\/uploads\/2025\/03\/alt-3-1-6-24x24.jpg 24w, https:\/\/lutra.com.tr\/wp-content\/uploads\/2025\/03\/alt-3-1-6-36x36.jpg 36w, https:\/\/lutra.com.tr\/wp-content\/uploads\/2025\/03\/alt-3-1-6-100x100.jpg 100w\" sizes=\"(max-width: 1920px) 100vw, 1920px\" \/><\/a>\n\t\t\t<\/div><\/figure><figure class='gallery-item'>\n\t\t\t<div class='gallery-icon landscape'>\n\t\t\t\t<a data-elementor-open-lightbox=\"yes\" data-elementor-lightbox-slideshow=\"669fdaf\" data-e-action-hash=\"#elementor-action%3Aaction%3Dlightbox%26settings%3DeyJpZCI6NTQ1MCwidXJsIjoiaHR0cHM6XC9cL2x1dHJhLmNvbS50clwvd3AtY29udGVudFwvdXBsb2Fkc1wvMjAyNVwvMDNcL2FsdC00LTEyLmpwZyIsInNsaWRlc2hvdyI6IjY2OWZkYWYifQ%3D%3D\" href='https:\/\/lutra.com.tr\/wp-content\/uploads\/2025\/03\/alt-4-12.jpg'><img loading=\"lazy\" decoding=\"async\" width=\"1920\" height=\"1918\" src=\"https:\/\/lutra.com.tr\/wp-content\/uploads\/2025\/03\/alt-4-12.jpg\" class=\"attachment-full size-full\" alt=\"\" srcset=\"https:\/\/lutra.com.tr\/wp-content\/uploads\/2025\/03\/alt-4-12.jpg 1920w, https:\/\/lutra.com.tr\/wp-content\/uploads\/2025\/03\/alt-4-12-300x300.jpg 300w, https:\/\/lutra.com.tr\/wp-content\/uploads\/2025\/03\/alt-4-12-1024x1024.jpg 1024w, https:\/\/lutra.com.tr\/wp-content\/uploads\/2025\/03\/alt-4-12-150x150.jpg 150w, https:\/\/lutra.com.tr\/wp-content\/uploads\/2025\/03\/alt-4-12-768x767.jpg 768w, https:\/\/lutra.com.tr\/wp-content\/uploads\/2025\/03\/alt-4-12-1536x1534.jpg 1536w, https:\/\/lutra.com.tr\/wp-content\/uploads\/2025\/03\/alt-4-12-12x12.jpg 12w, https:\/\/lutra.com.tr\/wp-content\/uploads\/2025\/03\/alt-4-12-24x24.jpg 24w, https:\/\/lutra.com.tr\/wp-content\/uploads\/2025\/03\/alt-4-12-36x36.jpg 36w, https:\/\/lutra.com.tr\/wp-content\/uploads\/2025\/03\/alt-4-12-100x100.jpg 100w\" sizes=\"(max-width: 1920px) 100vw, 1920px\" \/><\/a>\n\t\t\t<\/div><\/figure>\n\t\t<\/div>\n\t\t<\/div>\n\t\t\t\t\t\t<\/div>\n\t\t\t\t<\/div>\n\t\t\t\t\t<\/div>\n\t\t\t\t<\/div>\n\t\t\t\t<\/div>","protected":false},"excerpt":{"rendered":"<p>SOFT Soft Yatak, narin \u00e7izgileri ve tasar\u0131m\u0131yla yatak odan\u0131z\u0131 modernle\u015ftirecek.<\/p>","protected":false},"author":1,"featured_media":0,"parent":0,"menu_order":0,"comment_status":"closed","ping_status":"closed","template":"","meta":{"footnotes":""},"class_list":["post-2030","page","type-page","status-publish","hentry"],"_links":{"self":[{"href":"https:\/\/lutra.com.tr\/en\/wp-json\/wp\/v2\/pages\/2030","targetHints":{"allow":["GET"]}}],"collection":[{"href":"https:\/\/lutra.com.tr\/en\/wp-json\/wp\/v2\/pages"}],"about":[{"href":"https:\/\/lutra.com.tr\/en\/wp-json\/wp\/v2\/types\/page"}],"author":[{"embeddable":true,"href":"https:\/\/lutra.com.tr\/en\/wp-json\/wp\/v2\/users\/1"}],"replies":[{"embeddable":true,"href":"https:\/\/lutra.com.tr\/en\/wp-json\/wp\/v2\/comments?post=2030"}],"version-history":[{"count":0,"href":"https:\/\/lutra.com.tr\/en\/wp-json\/wp\/v2\/pages\/2030\/revisions"}],"wp:attachment":[{"href":"https:\/\/lutra.com.tr\/en\/wp-json\/wp\/v2\/media?parent=2030"}],"curies":[{"name":"wp","href":"https:\/\/api.w.org\/{rel}","templated":true}]}}